{"id":555,"date":"2018-04-16T09:36:23","date_gmt":"2018-04-16T07:36:23","guid":{"rendered":"http:\/\/blumenetc.ch\/ueber-uns\/"},"modified":"2025-11-22T21:25:06","modified_gmt":"2025-11-22T20:25:06","slug":"a-propos","status":"publish","type":"page","link":"https:\/\/blumenetc.ch\/fr\/a-propos\/","title":{"rendered":"\u00c0 propos de nous"},"content":{"rendered":"<section class=\"l-section wpb_row height_auto width_full\"><div class=\"l-section-h i-cf\"><div class=\"g-cols vc_row via_flex valign_top type_default stacking_default\"><div class=\"vc_col-sm-3 wpb_column vc_column_container\"><div class=\"vc_column-inner\"><div class=\"wpb_wrapper\"><\/div><\/div><\/div><div class=\"vc_col-sm-6 wpb_column vc_column_container\"><div class=\"vc_column-inner\"><div class=\"wpb_wrapper\"><div class=\"ult-spacer spacer-69e658cc01a9f\" data-id=\"69e658cc01a9f\" data-height=\"600\" data-height-mobile=\"200\" data-height-tab=\"400\" data-height-tab-portrait=\"400\" data-height-mobile-landscape=\"200\" style=\"clear:both;display:block;\"><\/div><div class=\"wpb_text_column us_custom_66c5374d\"><div class=\"wpb_wrapper\"><h1 style=\"text-align: center;\">Portrait<\/h1>\n<h3 style=\"text-align: center;\">Blumen etc\u2026 est l\u2019atelier floral d\u2019Ir\u00e8ne Schacher<\/h3>\n<p style=\"text-align: center;\">Ici, Ir\u00e8ne Schacher, Franziska Reinmann et leurs aides aux doigts de f\u00e9e cr\u00e9ent avec ferveur, au rythme des saisons, des compositions florales, des bouquets odorants et des d\u00e9corations subtiles qui s\u2019adaptent \u00e0 tous les lieux et \u00e0 toutes les occasions.<\/p>\n<\/div><\/div><div class=\"ult-spacer spacer-69e658cc020f0\" data-id=\"69e658cc020f0\" data-height=\"100\" data-height-mobile=\"0\" data-height-tab=\"50\" data-height-tab-portrait=\"50\" data-height-mobile-landscape=\"0\" style=\"clear:both;display:block;\"><\/div><\/div><\/div><\/div><div class=\"vc_col-sm-3 wpb_column vc_column_container\"><div class=\"vc_column-inner\"><div class=\"wpb_wrapper\"><\/div><\/div><\/div><\/div><\/div><\/section><!-- Row Backgrounds --><div class=\"upb_bg_img\" data-ultimate-bg=\"url(https:\/\/blumenetc.ch\/wp-content\/uploads\/2021\/01\/IMG_0587-scaled.jpg)\" data-image-id=\"id^1007|url^https:\/\/blumenetc.ch\/wp-content\/uploads\/2021\/01\/IMG_0587-scaled.jpg|caption^null|alt^null|title^IMG_0587|description^null\" data-ultimate-bg-style=\"vcpb-default\" data-bg-img-repeat=\"repeat\" data-bg-img-size=\"cover\" data-bg-img-position=\"\" data-parallx_sense=\"30\" data-bg-override=\"0\" data-bg_img_attach=\"scroll\" data-upb-overlay-color=\"\" data-upb-bg-animation=\"\" data-fadeout=\"\" data-bg-animation=\"left-animation\" data-bg-animation-type=\"h\" data-animation-repeat=\"repeat\" data-fadeout-percentage=\"30\" data-parallax-content=\"\" data-parallax-content-sense=\"30\" data-row-effect-mobile-disable=\"true\" data-img-parallax-mobile-disable=\"true\" data-rtl=\"false\"  data-custom-vc-row=\"\"  data-vc=\"8.7.2\"  data-is_old_vc=\"\"  data-theme-support=\"\"   data-overlay=\"false\" data-overlay-color=\"\" data-overlay-pattern=\"\" data-overlay-pattern-opacity=\"\" data-overlay-pattern-size=\"\"    ><\/div><section class=\"l-section wpb_row height_auto width_full\"><div class=\"l-section-h i-cf\"><div class=\"g-cols vc_row via_flex valign_middle type_default stacking_default\"><div class=\"vc_col-sm-6 wpb_column vc_column_container has_text_color has_bg_color\"><div class=\"vc_column-inner us_custom_ee288072\"><div class=\"wpb_wrapper\"><div class=\"ult-spacer spacer-69e658cc02e7b\" data-id=\"69e658cc02e7b\" data-height=\"150\" data-height-mobile=\"150\" data-height-tab=\"150\" data-height-tab-portrait=\"\" data-height-mobile-landscape=\"\" style=\"clear:both;display:block;\"><\/div><div class=\"wpb_text_column us_custom_6618e26b\"><div class=\"wpb_wrapper\"><h2>Dans l\u2019atelier de Blumen etc&#8230;<\/h2>\n<blockquote>\n<p>Les fleurs sont ma passion, depuis toujours ! Qu\u2019il y a-t-il de plus beau que de composer un bouquet printanier qui fera merveille sur une table du dimanche ? Quelle joie de savoir que les roses rouges que je suis en train d\u2019assembler vont \u00eatre les messag\u00e8res d\u2019une demande en mariage ! Mon m\u00e9tier n\u2019est-il pas le plus beau du monde ?<\/p>\n<p>&#8211; Ir\u00e8ne Schacher &#8211;<\/p>\n<\/blockquote>\n<p>Apr\u00e8s son apprentissage et plusieurs ann\u00e9es d\u2019exp\u00e9rience \u00e0 B\u00e2le, Zurich et Hambourg, Ir\u00e8ne Schacher a r\u00e9alis\u00e9 son r\u00eave : ouvrir sa propre boutique. Depuis 2004, les cr\u00e9ations florales de Blumen etc. font des heureux et suscitent l\u2019admiration loin \u00e0 la ronde.<\/p>\n<\/div><\/div><div class=\"ult-spacer spacer-69e658cc03281\" data-id=\"69e658cc03281\" data-height=\"150\" data-height-mobile=\"150\" data-height-tab=\"150\" data-height-tab-portrait=\"\" data-height-mobile-landscape=\"\" style=\"clear:both;display:block;\"><\/div><\/div><\/div><\/div><div class=\"vc_col-sm-6 wpb_column vc_column_container has_bg_color\"><div class=\"vc_column-inner us_custom_d95e114b\"><div class=\"wpb_wrapper\"><div class=\"ult-spacer spacer-69e658cc036a6\" data-id=\"69e658cc036a6\" data-height=\"\" data-height-mobile=\"250\" data-height-tab=\"\" data-height-tab-portrait=\"\" data-height-mobile-landscape=\"350\" style=\"clear:both;display:block;\"><\/div><\/div><\/div><\/div><\/div><\/div><\/section>\n","protected":false},"excerpt":{"rendered":"Portrait Blumen etc\u2026 est l\u2019atelier floral d\u2019Ir\u00e8ne Schacher Ici, Ir\u00e8ne Schacher, Franziska Reinmann et leurs aides aux doigts de f\u00e9e cr\u00e9ent avec ferveur, au rythme des saisons, des compositions florales, des bouquets odorants et des d\u00e9corations subtiles qui s\u2019adaptent \u00e0 tous les lieux et \u00e0 toutes les occasions. Dans l\u2019atelier de Blumen etc&#8230; Les fleurs...","protected":false},"author":1,"featured_media":0,"parent":0,"menu_order":0,"comment_status":"closed","ping_status":"closed","template":"","meta":{"footnotes":""},"class_list":["post-555","page","type-page","status-publish","hentry"],"yoast_head":"<!-- This site is optimized with the Yoast SEO plugin v27.4 - https:\/\/yoast.com\/product\/yoast-seo-wordpress\/ -->\n<title>\u00c0 propos de nous - Blumen etc<\/title>\n<meta name=\"description\" content=\"Ir\u00e8ne Schacher et Franziska Reinmann cr\u00e9ent avec ferveur, des compositions florales qui s\u2019adaptent \u00e0 tous les lieux et \u00e0 toutes les occasions.\" \/>\n<meta name=\"robots\" content=\"index, follow, max-snippet:-1, max-image-preview:large, max-video-preview:-1\" \/>\n<link rel=\"canonical\" href=\"https:\/\/blumenetc.ch\/fr\/a-propos\/\" \/>\n<meta property=\"og:locale\" content=\"fr_FR\" \/>\n<meta property=\"og:type\" content=\"article\" \/>\n<meta property=\"og:title\" content=\"\u00c0 propos de nous - Blumen etc\" \/>\n<meta property=\"og:description\" content=\"Ir\u00e8ne Schacher et Franziska Reinmann cr\u00e9ent avec ferveur, des compositions florales qui s\u2019adaptent \u00e0 tous les lieux et \u00e0 toutes les occasions.\" \/>\n<meta property=\"og:url\" content=\"https:\/\/blumenetc.ch\/fr\/a-propos\/\" \/>\n<meta property=\"og:site_name\" content=\"Blumen etc\" \/>\n<meta property=\"article:publisher\" content=\"https:\/\/www.facebook.com\/blumenetc\" \/>\n<meta property=\"article:modified_time\" content=\"2025-11-22T20:25:06+00:00\" \/>\n<meta name=\"twitter:card\" content=\"summary_large_image\" \/>\n<meta name=\"twitter:label1\" content=\"Dur\u00e9e de lecture estim\u00e9e\" \/>\n\t<meta name=\"twitter:data1\" content=\"1 minute\" \/>\n<script type=\"application\/ld+json\" class=\"yoast-schema-graph\">{\"@context\":\"https:\\\/\\\/schema.org\",\"@graph\":[{\"@type\":\"WebPage\",\"@id\":\"https:\\\/\\\/blumenetc.ch\\\/fr\\\/a-propos\\\/\",\"url\":\"https:\\\/\\\/blumenetc.ch\\\/fr\\\/a-propos\\\/\",\"name\":\"\u00c0 propos de nous - Blumen etc\",\"isPartOf\":{\"@id\":\"https:\\\/\\\/blumenetc.ch\\\/#website\"},\"datePublished\":\"2018-04-16T07:36:23+00:00\",\"dateModified\":\"2025-11-22T20:25:06+00:00\",\"description\":\"Ir\u00e8ne Schacher et Franziska Reinmann cr\u00e9ent avec ferveur, des compositions florales qui s\u2019adaptent \u00e0 tous les lieux et \u00e0 toutes les occasions.\",\"breadcrumb\":{\"@id\":\"https:\\\/\\\/blumenetc.ch\\\/fr\\\/a-propos\\\/#breadcrumb\"},\"inLanguage\":\"fr-FR\",\"potentialAction\":[{\"@type\":\"ReadAction\",\"target\":[\"https:\\\/\\\/blumenetc.ch\\\/fr\\\/a-propos\\\/\"]}]},{\"@type\":\"BreadcrumbList\",\"@id\":\"https:\\\/\\\/blumenetc.ch\\\/fr\\\/a-propos\\\/#breadcrumb\",\"itemListElement\":[{\"@type\":\"ListItem\",\"position\":1,\"name\":\"Startseite\",\"item\":\"https:\\\/\\\/blumenetc.ch\\\/fr\\\/\"},{\"@type\":\"ListItem\",\"position\":2,\"name\":\"\u00c0 propos de nous\"}]},{\"@type\":\"WebSite\",\"@id\":\"https:\\\/\\\/blumenetc.ch\\\/#website\",\"url\":\"https:\\\/\\\/blumenetc.ch\\\/\",\"name\":\"Blumen etc\",\"description\":\"\",\"publisher\":{\"@id\":\"https:\\\/\\\/blumenetc.ch\\\/#organization\"},\"potentialAction\":[{\"@type\":\"SearchAction\",\"target\":{\"@type\":\"EntryPoint\",\"urlTemplate\":\"https:\\\/\\\/blumenetc.ch\\\/?s={search_term_string}\"},\"query-input\":{\"@type\":\"PropertyValueSpecification\",\"valueRequired\":true,\"valueName\":\"search_term_string\"}}],\"inLanguage\":\"fr-FR\"},{\"@type\":\"Organization\",\"@id\":\"https:\\\/\\\/blumenetc.ch\\\/#organization\",\"name\":\"Blumen etc...\",\"url\":\"https:\\\/\\\/blumenetc.ch\\\/\",\"logo\":{\"@type\":\"ImageObject\",\"inLanguage\":\"fr-FR\",\"@id\":\"https:\\\/\\\/blumenetc.ch\\\/#\\\/schema\\\/logo\\\/image\\\/\",\"url\":\"https:\\\/\\\/blumenetc.ch\\\/wp-content\\\/uploads\\\/2018\\\/08\\\/blumenetc-favicon02.jpg\",\"contentUrl\":\"https:\\\/\\\/blumenetc.ch\\\/wp-content\\\/uploads\\\/2018\\\/08\\\/blumenetc-favicon02.jpg\",\"width\":512,\"height\":512,\"caption\":\"Blumen etc...\"},\"image\":{\"@id\":\"https:\\\/\\\/blumenetc.ch\\\/#\\\/schema\\\/logo\\\/image\\\/\"},\"sameAs\":[\"https:\\\/\\\/www.facebook.com\\\/blumenetc\",\"https:\\\/\\\/www.instagram.com\\\/blumen_etc\"]}]}<\/script>\n<!-- \/ Yoast SEO plugin. -->","yoast_head_json":{"title":"\u00c0 propos de nous - Blumen etc","description":"Ir\u00e8ne Schacher et Franziska Reinmann cr\u00e9ent avec ferveur, des compositions florales qui s\u2019adaptent \u00e0 tous les lieux et \u00e0 toutes les occasions.","robots":{"index":"index","follow":"follow","max-snippet":"max-snippet:-1","max-image-preview":"max-image-preview:large","max-video-preview":"max-video-preview:-1"},"canonical":"https:\/\/blumenetc.ch\/fr\/a-propos\/","og_locale":"fr_FR","og_type":"article","og_title":"\u00c0 propos de nous - Blumen etc","og_description":"Ir\u00e8ne Schacher et Franziska Reinmann cr\u00e9ent avec ferveur, des compositions florales qui s\u2019adaptent \u00e0 tous les lieux et \u00e0 toutes les occasions.","og_url":"https:\/\/blumenetc.ch\/fr\/a-propos\/","og_site_name":"Blumen etc","article_publisher":"https:\/\/www.facebook.com\/blumenetc","article_modified_time":"2025-11-22T20:25:06+00:00","twitter_card":"summary_large_image","twitter_misc":{"Dur\u00e9e de lecture estim\u00e9e":"1 minute"},"schema":{"@context":"https:\/\/schema.org","@graph":[{"@type":"WebPage","@id":"https:\/\/blumenetc.ch\/fr\/a-propos\/","url":"https:\/\/blumenetc.ch\/fr\/a-propos\/","name":"\u00c0 propos de nous - Blumen etc","isPartOf":{"@id":"https:\/\/blumenetc.ch\/#website"},"datePublished":"2018-04-16T07:36:23+00:00","dateModified":"2025-11-22T20:25:06+00:00","description":"Ir\u00e8ne Schacher et Franziska Reinmann cr\u00e9ent avec ferveur, des compositions florales qui s\u2019adaptent \u00e0 tous les lieux et \u00e0 toutes les occasions.","breadcrumb":{"@id":"https:\/\/blumenetc.ch\/fr\/a-propos\/#breadcrumb"},"inLanguage":"fr-FR","potentialAction":[{"@type":"ReadAction","target":["https:\/\/blumenetc.ch\/fr\/a-propos\/"]}]},{"@type":"BreadcrumbList","@id":"https:\/\/blumenetc.ch\/fr\/a-propos\/#breadcrumb","itemListElement":[{"@type":"ListItem","position":1,"name":"Startseite","item":"https:\/\/blumenetc.ch\/fr\/"},{"@type":"ListItem","position":2,"name":"\u00c0 propos de nous"}]},{"@type":"WebSite","@id":"https:\/\/blumenetc.ch\/#website","url":"https:\/\/blumenetc.ch\/","name":"Blumen etc","description":"","publisher":{"@id":"https:\/\/blumenetc.ch\/#organization"},"potentialAction":[{"@type":"SearchAction","target":{"@type":"EntryPoint","urlTemplate":"https:\/\/blumenetc.ch\/?s={search_term_string}"},"query-input":{"@type":"PropertyValueSpecification","valueRequired":true,"valueName":"search_term_string"}}],"inLanguage":"fr-FR"},{"@type":"Organization","@id":"https:\/\/blumenetc.ch\/#organization","name":"Blumen etc...","url":"https:\/\/blumenetc.ch\/","logo":{"@type":"ImageObject","inLanguage":"fr-FR","@id":"https:\/\/blumenetc.ch\/#\/schema\/logo\/image\/","url":"https:\/\/blumenetc.ch\/wp-content\/uploads\/2018\/08\/blumenetc-favicon02.jpg","contentUrl":"https:\/\/blumenetc.ch\/wp-content\/uploads\/2018\/08\/blumenetc-favicon02.jpg","width":512,"height":512,"caption":"Blumen etc..."},"image":{"@id":"https:\/\/blumenetc.ch\/#\/schema\/logo\/image\/"},"sameAs":["https:\/\/www.facebook.com\/blumenetc","https:\/\/www.instagram.com\/blumen_etc"]}]}},"_links":{"self":[{"href":"https:\/\/blumenetc.ch\/fr\/wp-json\/wp\/v2\/pages\/555","targetHints":{"allow":["GET"]}}],"collection":[{"href":"https:\/\/blumenetc.ch\/fr\/wp-json\/wp\/v2\/pages"}],"about":[{"href":"https:\/\/blumenetc.ch\/fr\/wp-json\/wp\/v2\/types\/page"}],"author":[{"embeddable":true,"href":"https:\/\/blumenetc.ch\/fr\/wp-json\/wp\/v2\/users\/1"}],"replies":[{"embeddable":true,"href":"https:\/\/blumenetc.ch\/fr\/wp-json\/wp\/v2\/comments?post=555"}],"version-history":[{"count":18,"href":"https:\/\/blumenetc.ch\/fr\/wp-json\/wp\/v2\/pages\/555\/revisions"}],"predecessor-version":[{"id":1768,"href":"https:\/\/blumenetc.ch\/fr\/wp-json\/wp\/v2\/pages\/555\/revisions\/1768"}],"wp:attachment":[{"href":"https:\/\/blumenetc.ch\/fr\/wp-json\/wp\/v2\/media?parent=555"}],"curies":[{"name":"wp","href":"https:\/\/api.w.org\/{rel}","templated":true}]}}