{"id":553,"date":"2018-04-16T09:35:42","date_gmt":"2018-04-16T07:35:42","guid":{"rendered":"http:\/\/blumenetc.ch\/kontakt\/"},"modified":"2024-07-03T16:52:31","modified_gmt":"2024-07-03T14:52:31","slug":"contact","status":"publish","type":"page","link":"https:\/\/blumenetc.ch\/fr\/contact\/","title":{"rendered":"Contact"},"content":{"rendered":"<section class=\"l-section wpb_row height_large color_footer-top with_img\"><div class=\"l-section-img\" role=\"img\" data-img-width=\"1920\" data-img-height=\"600\" style=\"background-image: url(https:\/\/blumenetc.ch\/wp-content\/uploads\/2018\/04\/blumenetc-footer-bg.jpg);background-repeat: no-repeat;\"><\/div><div class=\"l-section-h i-cf\"><div class=\"g-cols vc_row via_flex valign_top type_default stacking_default\"><div class=\"vc_col-sm-12 wpb_column vc_column_container\"><div class=\"vc_column-inner\"><div class=\"wpb_wrapper\"><div class=\"g-cols wpb_row via_flex valign_top type_default stacking_default\"><div class=\"vc_col-sm-3 wpb_column vc_column_container\"><div class=\"vc_column-inner\"><div class=\"wpb_wrapper\"><div class=\"wpb_text_column\"><div class=\"wpb_wrapper\"><h3 style=\"text-align: right;\"><strong>Blumen<\/strong> etc&#8230;<\/h3>\n<p style=\"text-align: right;\">Ir\u00e8ne Schacher<br \/>\nEidg. dipl. Floristin<\/p>\n<p style=\"text-align: right;\">Neumarktstrasse 34<br \/>\nCH 2502 Biel\/Bienne<br \/>\nT\/F <a href=\"tel:+41323230222\">+41 32 323 02 22<\/a><\/p>\n<p style=\"text-align: right;\"><a href=\"mailto:etc@blumenetc.ch\">etc@blumenetc.ch<\/a><\/p>\n<\/div><\/div><\/div><\/div><\/div><div class=\"vc_col-sm-3 wpb_column vc_column_container\"><div class=\"vc_column-inner\"><div class=\"wpb_wrapper\">[vc_raw_html]JTNDaWZyYW1lJTIwc3JjJTNEJTIyaHR0cHMlM0ElMkYlMkZ3d3cuZ29vZ2xlLmNvbSUyRm1hcHMlMkZlbWJlZCUzRnBiJTNEJTIxMW0xNCUyMTFtOCUyMTFtMyUyMTFkMTA4NTUuODA5NDU3NDcyMjM2JTIxMmQ3LjI0OTA4MDUlMjEzZDQ3LjEzOTE5OTMlMjEzbTIlMjExaTEwMjQlMjEyaTc2OCUyMTRmMTMuMSUyMTNtMyUyMTFtMiUyMTFzMHgwJTI1M0EweGU1ZmQ4ODQyMTkzNTllY2YlMjEyc0JsdW1lbiUyNTIwZXRjLi4uJTI1MjBJciUyNUMzJTI1QThuZSUyNTIwU2NoYWNoZXIlMjE1ZTAlMjEzbTIlMjExc2RlJTIxMnNjaCUyMTR2MTYwMTg5NzQ0ODE5MyUyMTVtMiUyMTFzZGUlMjEyc2NoJTIyJTIwd2lkdGglM0QlMjI0NTAlMjIlMjBoZWlnaHQlM0QlMjI0NTAlMjIlMjBmcmFtZWJvcmRlciUzRCUyMjAlMjIlMjBzdHlsZSUzRCUyMmJvcmRlciUzQTAlM0IlMjIlMjBhbGxvd2Z1bGxzY3JlZW4lM0QlMjIlMjIlMjBhcmlhLWhpZGRlbiUzRCUyMmZhbHNlJTIyJTIwdGFiaW5kZXglM0QlMjIwJTIyJTNFJTNDJTJGaWZyYW1lJTNF[\/vc_raw_html]<\/div><\/div><\/div><div class=\"vc_col-sm-6 wpb_column vc_column_container\"><div class=\"vc_column-inner\"><div class=\"wpb_wrapper\"><div class=\"wpb_text_column\"><div class=\"wpb_wrapper\"><h3>Heures d&rsquo;ouverture<\/h3>\n<p>Lundi ferm\u00e9<br \/>\nMardi 9.00-12.00 13.30- 18.30<br \/>\nMercredi 9.00-12.00<br \/>\nJeudi 9.00-12.00 13.30- 18.30<br \/>\nVendredi 9.00-12.00 13.30- 18.30<br \/>\nSamedi 9.00-16.00<\/p>\n<\/div><\/div><\/div><\/div><\/div><\/div><\/div><\/div><\/div><\/div><\/div><\/section><section class=\"l-section wpb_row us_custom_6df4bc3a has_text_color height_medium\"><div class=\"l-section-h i-cf\"><div class=\"g-cols vc_row via_flex valign_top type_default stacking_default\"><div class=\"vc_col-sm-12 wpb_column vc_column_container\"><div class=\"vc_column-inner\"><div class=\"wpb_wrapper\"><div class=\"wpb_text_column\"><div class=\"wpb_wrapper\"><h1 style=\"text-align: center;\">Rendez-nous visite !<\/h1>\n<\/div><\/div><div class=\"ult-spacer spacer-69e65cf623946\" data-id=\"69e65cf623946\" data-height=\"50\" data-height-mobile=\"50\" data-height-tab=\"50\" data-height-tab-portrait=\"\" data-height-mobile-landscape=\"\" style=\"clear:both;display:block;\"><\/div><div class=\"g-cols wpb_row via_flex valign_top type_boxes stacking_default\"><div class=\"vc_col-sm-6 wpb_column vc_column_container\"><div class=\"vc_column-inner\"><div class=\"wpb_wrapper\"><div class=\"wpb_text_column\"><div class=\"wpb_wrapper\"><h3>Nous \u00e9crire :<\/h3>\n<\/div><\/div><form class=\"w-form  us-field-style_1 layout_ver for_cform us_form_1\" autocomplete=\"off\" action=\"https:\/\/blumenetc.ch\/fr\/wp-json\/wp\/v2\/pages\/553\" method=\"post\"><div class=\"w-form-h\"><div class=\"w-form-row for_text\">\r\n\t\t<div class=\"w-form-row-field\">\r\n\t\t\t\t\t\t<input aria-label=\"Nom\" type=\"text\" name=\"us_form_1_text_1\" value placeholder=\"Nom\"\/>\r\n\t\t\t<\/div>\r\n\t\t<div class=\"w-form-row-state\">Vous devez remplir ce champ<\/div>\r\n<\/div>\r\n<div class=\"w-form-row for_email\">\r\n\t\t<div class=\"w-form-row-field\">\r\n\t\t\t\t\t\t<input aria-label=\"E-Mail\" type=\"email\" name=\"us_form_1_email_1\" value placeholder=\"E-Mail\"\/>\r\n\t\t\t<\/div>\r\n\t\t<div class=\"w-form-row-state\">Veuillez saisir une adresse e-mail valide.<\/div>\r\n<\/div>\r\n<div class=\"w-form-row for_textarea\">\r\n\t\t<div class=\"w-form-row-field\">\r\n\t\t\t\t\t\t<textarea aria-label=\"Texte\" name=\"us_form_1_textarea_1\" placeholder=\"Texte\"><\/textarea>\r\n\t\t\t<\/div>\r\n\t\t<div class=\"w-form-row-state\">Vous devez remplir ce champ<\/div>\r\n<\/div>\r\n<input type=\"hidden\" name=\"action\" value=\"us_ajax_cform\" \/>\r\n<input type=\"hidden\" name=\"post_id\" value=\"0\" \/>\r\n<input type=\"hidden\" name=\"form_index\" value=\"1\" \/>\r\n<div class=\"w-form-row for_submit align_none\">\r\n\t<button class=\"w-btn  us-btn-style_2\" aria-label=\"Envoyer\" type=\"submit\">\r\n\t\t<span class=\"g-preloader type_1\"><\/span>\r\n\t\t\t\t<span class=\"w-btn-label\">Envoyer<\/span>\r\n\t\t\t<\/button>\r\n\t<\/div>\r\n<\/div><div class=\"w-form-message\"><\/div><div class=\"w-form-json hidden\" onclick='return {&quot;ajaxurl&quot;:&quot;https:\\\/\\\/blumenetc.ch\\\/wp-admin\\\/admin-ajax.php&quot;,&quot;messages&quot;:{&quot;err_empty&quot;:&quot;Vous devez remplir ce champ&quot;,&quot;err_size&quot;:&quot;La taille du fichier ne peut pas d\\u00e9passer %s Mo&quot;,&quot;err_extension&quot;:&quot;Le type de fichier %s n&#039;est pas autoris\\u00e9&quot;,&quot;err_recaptcha_keys&quot;:&quot;Les cl\\u00e9s reCAPTCHA sont incorrectes&quot;}}'><\/div><\/form><\/div><\/div><\/div><div class=\"vc_col-sm-6 wpb_column vc_column_container has_text_color\"><div class=\"vc_column-inner us_custom_6df4bc3a\"><div class=\"wpb_wrapper\"><div class=\"wpb_text_column\"><div class=\"wpb_wrapper\"><h3>Nous trouver :<\/h3>\n<\/div><\/div><div class=\"aio-icon-component    style_1\"><div id=\"Info-box-wrap-6271\" class=\"aio-icon-box default-icon\" style=\"\"  ><div class=\"aio-icon-default\"><div class=\"ult-just-icon-wrapper  \"><div class=\"align-icon\" style=\"text-align:center;\">\n<div class=\"aio-icon none \"  style=\"color:#bac47d;font-size:32px;display:inline-block;\">\n\t<i class=\"Defaults-bus\"><\/i>\n<\/div><\/div><\/div><\/div><div class=\"aio-icon-header\" ><p class=\"aio-icon-title ult-responsive\"  data-ultimate-target='#Info-box-wrap-6271 .aio-icon-title'  data-responsive-json-new='{\"font-size\":\"\",\"line-height\":\"\"}'  style=\"\">Bus n\u00b03 en direction de Mauchamp, arr\u00eat \u00abBiblioth\u00e8que\u00bb.<\/p><\/div> <!-- header --><\/div> <!-- aio-icon-box --><\/div> <!-- aio-icon-component --><div class=\"aio-icon-component    style_1\"><div id=\"Info-box-wrap-5538\" class=\"aio-icon-box default-icon\" style=\"\"  ><div class=\"aio-icon-default\"><div class=\"ult-just-icon-wrapper  \"><div class=\"align-icon\" style=\"text-align:center;\">\n<div class=\"aio-icon none \"  style=\"color:#bac47d;font-size:32px;display:inline-block;\">\n\t<i class=\"Defaults-automobile car\"><\/i>\n<\/div><\/div><\/div><\/div><div class=\"aio-icon-header\" ><p class=\"aio-icon-title ult-responsive\"  data-ultimate-target='#Info-box-wrap-5538 .aio-icon-title'  data-responsive-json-new='{\"font-size\":\"\",\"line-height\":\"\"}'  style=\"\">Une place de parc r\u00e9serv\u00e9e \u00e0 notre client\u00e8le est disponible devant le magasin.<\/p><\/div> <!-- header --><\/div> <!-- aio-icon-box --><\/div> <!-- aio-icon-component --><div class=\"wpb_text_column\"><div class=\"wpb_wrapper\"><h3>Livraisons \u00e0 domicile :<\/h3>\n<\/div><\/div><div class=\"aio-icon-component    style_1\"><div id=\"Info-box-wrap-2857\" class=\"aio-icon-box default-icon\" style=\"\"  ><div class=\"aio-icon-default\"><div class=\"ult-just-icon-wrapper  \"><div class=\"align-icon\" style=\"text-align:center;\">\n<div class=\"aio-icon none \"  style=\"color:#bac47d;font-size:32px;display:inline-block;\">\n\t<i class=\"Defaults-truck\"><\/i>\n<\/div><\/div><\/div><\/div><div class=\"aio-icon-header\" ><p class=\"aio-icon-title ult-responsive\"  data-ultimate-target='#Info-box-wrap-2857 .aio-icon-title'  data-responsive-json-new='{\"font-size\":\"\",\"line-height\":\"\"}'  style=\"\">Livraisons \u00e0 Bienne et aux alentours.<\/p><\/div> <!-- header --><\/div> <!-- aio-icon-box --><\/div> <!-- aio-icon-component --><div class=\"wpb_text_column\"><div class=\"wpb_wrapper\"><p>Demandez-nous nos tarifs.<\/p>\n<\/div><\/div><\/div><\/div><\/div><\/div><\/div><\/div><\/div><\/div><\/div><\/section><!-- Row Backgrounds --><div class=\"upb_color\" data-bg-override=\"0\" data-bg-color=\"#63002f\" data-fadeout=\"\" data-fadeout-percentage=\"30\" data-parallax-content=\"\" data-parallax-content-sense=\"30\" data-row-effect-mobile-disable=\"true\" data-img-parallax-mobile-disable=\"true\" data-rtl=\"false\"  data-custom-vc-row=\"\"  data-vc=\"8.7.2\"  data-is_old_vc=\"\"  data-theme-support=\"\"   data-overlay=\"false\" data-overlay-color=\"\" data-overlay-pattern=\"\" data-overlay-pattern-opacity=\"\" data-overlay-pattern-size=\"\"    ><\/div>\n","protected":false},"excerpt":{"rendered":"Blumen etc&#8230; Ir\u00e8ne Schacher Eidg. dipl. Floristin Neumarktstrasse 34 CH 2502 Biel\/Bienne T\/F +41 32 323 02 22 etc@blumenetc.ch [vc_raw_html]JTNDaWZyYW1lJTIwc3JjJTNEJTIyaHR0cHMlM0ElMkYlMkZ3d3cuZ29vZ2xlLmNvbSUyRm1hcHMlMkZlbWJlZCUzRnBiJTNEJTIxMW0xNCUyMTFtOCUyMTFtMyUyMTFkMTA4NTUuODA5NDU3NDcyMjM2JTIxMmQ3LjI0OTA4MDUlMjEzZDQ3LjEzOTE5OTMlMjEzbTIlMjExaTEwMjQlMjEyaTc2OCUyMTRmMTMuMSUyMTNtMyUyMTFtMiUyMTFzMHgwJTI1M0EweGU1ZmQ4ODQyMTkzNTllY2YlMjEyc0JsdW1lbiUyNTIwZXRjLi4uJTI1MjBJciUyNUMzJTI1QThuZSUyNTIwU2NoYWNoZXIlMjE1ZTAlMjEzbTIlMjExc2RlJTIxMnNjaCUyMTR2MTYwMTg5NzQ0ODE5MyUyMTVtMiUyMTFzZGUlMjEyc2NoJTIyJTIwd2lkdGglM0QlMjI0NTAlMjIlMjBoZWlnaHQlM0QlMjI0NTAlMjIlMjBmcmFtZWJvcmRlciUzRCUyMjAlMjIlMjBzdHlsZSUzRCUyMmJvcmRlciUzQTAlM0IlMjIlMjBhbGxvd2Z1bGxzY3JlZW4lM0QlMjIlMjIlMjBhcmlhLWhpZGRlbiUzRCUyMmZhbHNlJTIyJTIwdGFiaW5kZXglM0QlMjIwJTIyJTNFJTNDJTJGaWZyYW1lJTNF[\/vc_raw_html]Heures d&rsquo;ouverture Lundi ferm\u00e9 Mardi 9.00-12.00 13.30- 18.30 Mercredi 9.00-12.00 Jeudi 9.00-12.00 13.30- 18.30 Vendredi 9.00-12.00 13.30- 18.30 Samedi 9.00-16.00 Rendez-nous visite ! Nous \u00e9crire : Vous devez remplir ce champ Veuillez saisir une adresse e-mail...","protected":false},"author":1,"featured_media":0,"parent":0,"menu_order":0,"comment_status":"closed","ping_status":"closed","template":"","meta":{"footnotes":""},"class_list":["post-553","page","type-page","status-publish","hentry"],"yoast_head":"<!-- This site is optimized with the Yoast SEO plugin v27.4 - https:\/\/yoast.com\/product\/yoast-seo-wordpress\/ -->\n<title>Contact - Blumen etc<\/title>\n<meta name=\"description\" content=\"032\/ 323 02 22\" \/>\n<meta name=\"robots\" content=\"index, follow, max-snippet:-1, max-image-preview:large, max-video-preview:-1\" \/>\n<link rel=\"canonical\" href=\"https:\/\/blumenetc.ch\/fr\/contact\/\" \/>\n<meta property=\"og:locale\" content=\"fr_FR\" \/>\n<meta property=\"og:type\" content=\"article\" \/>\n<meta property=\"og:title\" content=\"Contact - Blumen etc\" \/>\n<meta property=\"og:description\" content=\"032\/ 323 02 22\" \/>\n<meta property=\"og:url\" content=\"https:\/\/blumenetc.ch\/fr\/contact\/\" \/>\n<meta property=\"og:site_name\" content=\"Blumen etc\" \/>\n<meta property=\"article:publisher\" content=\"https:\/\/www.facebook.com\/blumenetc\" \/>\n<meta property=\"article:modified_time\" content=\"2024-07-03T14:52:31+00:00\" \/>\n<meta name=\"twitter:card\" content=\"summary_large_image\" \/>\n<meta name=\"twitter:label1\" content=\"Dur\u00e9e de lecture estim\u00e9e\" \/>\n\t<meta name=\"twitter:data1\" content=\"1 minute\" \/>\n<script type=\"application\/ld+json\" class=\"yoast-schema-graph\">{\"@context\":\"https:\\\/\\\/schema.org\",\"@graph\":[{\"@type\":\"WebPage\",\"@id\":\"https:\\\/\\\/blumenetc.ch\\\/fr\\\/contact\\\/\",\"url\":\"https:\\\/\\\/blumenetc.ch\\\/fr\\\/contact\\\/\",\"name\":\"Contact - Blumen etc\",\"isPartOf\":{\"@id\":\"https:\\\/\\\/blumenetc.ch\\\/#website\"},\"datePublished\":\"2018-04-16T07:35:42+00:00\",\"dateModified\":\"2024-07-03T14:52:31+00:00\",\"description\":\"032\\\/ 323 02 22\",\"breadcrumb\":{\"@id\":\"https:\\\/\\\/blumenetc.ch\\\/fr\\\/contact\\\/#breadcrumb\"},\"inLanguage\":\"fr-FR\",\"potentialAction\":[{\"@type\":\"ReadAction\",\"target\":[\"https:\\\/\\\/blumenetc.ch\\\/fr\\\/contact\\\/\"]}]},{\"@type\":\"BreadcrumbList\",\"@id\":\"https:\\\/\\\/blumenetc.ch\\\/fr\\\/contact\\\/#breadcrumb\",\"itemListElement\":[{\"@type\":\"ListItem\",\"position\":1,\"name\":\"Startseite\",\"item\":\"https:\\\/\\\/blumenetc.ch\\\/fr\\\/\"},{\"@type\":\"ListItem\",\"position\":2,\"name\":\"Contact\"}]},{\"@type\":\"WebSite\",\"@id\":\"https:\\\/\\\/blumenetc.ch\\\/#website\",\"url\":\"https:\\\/\\\/blumenetc.ch\\\/\",\"name\":\"Blumen etc\",\"description\":\"\",\"publisher\":{\"@id\":\"https:\\\/\\\/blumenetc.ch\\\/#organization\"},\"potentialAction\":[{\"@type\":\"SearchAction\",\"target\":{\"@type\":\"EntryPoint\",\"urlTemplate\":\"https:\\\/\\\/blumenetc.ch\\\/?s={search_term_string}\"},\"query-input\":{\"@type\":\"PropertyValueSpecification\",\"valueRequired\":true,\"valueName\":\"search_term_string\"}}],\"inLanguage\":\"fr-FR\"},{\"@type\":\"Organization\",\"@id\":\"https:\\\/\\\/blumenetc.ch\\\/#organization\",\"name\":\"Blumen etc...\",\"url\":\"https:\\\/\\\/blumenetc.ch\\\/\",\"logo\":{\"@type\":\"ImageObject\",\"inLanguage\":\"fr-FR\",\"@id\":\"https:\\\/\\\/blumenetc.ch\\\/#\\\/schema\\\/logo\\\/image\\\/\",\"url\":\"https:\\\/\\\/blumenetc.ch\\\/wp-content\\\/uploads\\\/2018\\\/08\\\/blumenetc-favicon02.jpg\",\"contentUrl\":\"https:\\\/\\\/blumenetc.ch\\\/wp-content\\\/uploads\\\/2018\\\/08\\\/blumenetc-favicon02.jpg\",\"width\":512,\"height\":512,\"caption\":\"Blumen etc...\"},\"image\":{\"@id\":\"https:\\\/\\\/blumenetc.ch\\\/#\\\/schema\\\/logo\\\/image\\\/\"},\"sameAs\":[\"https:\\\/\\\/www.facebook.com\\\/blumenetc\",\"https:\\\/\\\/www.instagram.com\\\/blumen_etc\"]}]}<\/script>\n<!-- \/ Yoast SEO plugin. -->","yoast_head_json":{"title":"Contact - Blumen etc","description":"032\/ 323 02 22","robots":{"index":"index","follow":"follow","max-snippet":"max-snippet:-1","max-image-preview":"max-image-preview:large","max-video-preview":"max-video-preview:-1"},"canonical":"https:\/\/blumenetc.ch\/fr\/contact\/","og_locale":"fr_FR","og_type":"article","og_title":"Contact - Blumen etc","og_description":"032\/ 323 02 22","og_url":"https:\/\/blumenetc.ch\/fr\/contact\/","og_site_name":"Blumen etc","article_publisher":"https:\/\/www.facebook.com\/blumenetc","article_modified_time":"2024-07-03T14:52:31+00:00","twitter_card":"summary_large_image","twitter_misc":{"Dur\u00e9e de lecture estim\u00e9e":"1 minute"},"schema":{"@context":"https:\/\/schema.org","@graph":[{"@type":"WebPage","@id":"https:\/\/blumenetc.ch\/fr\/contact\/","url":"https:\/\/blumenetc.ch\/fr\/contact\/","name":"Contact - Blumen etc","isPartOf":{"@id":"https:\/\/blumenetc.ch\/#website"},"datePublished":"2018-04-16T07:35:42+00:00","dateModified":"2024-07-03T14:52:31+00:00","description":"032\/ 323 02 22","breadcrumb":{"@id":"https:\/\/blumenetc.ch\/fr\/contact\/#breadcrumb"},"inLanguage":"fr-FR","potentialAction":[{"@type":"ReadAction","target":["https:\/\/blumenetc.ch\/fr\/contact\/"]}]},{"@type":"BreadcrumbList","@id":"https:\/\/blumenetc.ch\/fr\/contact\/#breadcrumb","itemListElement":[{"@type":"ListItem","position":1,"name":"Startseite","item":"https:\/\/blumenetc.ch\/fr\/"},{"@type":"ListItem","position":2,"name":"Contact"}]},{"@type":"WebSite","@id":"https:\/\/blumenetc.ch\/#website","url":"https:\/\/blumenetc.ch\/","name":"Blumen etc","description":"","publisher":{"@id":"https:\/\/blumenetc.ch\/#organization"},"potentialAction":[{"@type":"SearchAction","target":{"@type":"EntryPoint","urlTemplate":"https:\/\/blumenetc.ch\/?s={search_term_string}"},"query-input":{"@type":"PropertyValueSpecification","valueRequired":true,"valueName":"search_term_string"}}],"inLanguage":"fr-FR"},{"@type":"Organization","@id":"https:\/\/blumenetc.ch\/#organization","name":"Blumen etc...","url":"https:\/\/blumenetc.ch\/","logo":{"@type":"ImageObject","inLanguage":"fr-FR","@id":"https:\/\/blumenetc.ch\/#\/schema\/logo\/image\/","url":"https:\/\/blumenetc.ch\/wp-content\/uploads\/2018\/08\/blumenetc-favicon02.jpg","contentUrl":"https:\/\/blumenetc.ch\/wp-content\/uploads\/2018\/08\/blumenetc-favicon02.jpg","width":512,"height":512,"caption":"Blumen etc..."},"image":{"@id":"https:\/\/blumenetc.ch\/#\/schema\/logo\/image\/"},"sameAs":["https:\/\/www.facebook.com\/blumenetc","https:\/\/www.instagram.com\/blumen_etc"]}]}},"_links":{"self":[{"href":"https:\/\/blumenetc.ch\/fr\/wp-json\/wp\/v2\/pages\/553","targetHints":{"allow":["GET"]}}],"collection":[{"href":"https:\/\/blumenetc.ch\/fr\/wp-json\/wp\/v2\/pages"}],"about":[{"href":"https:\/\/blumenetc.ch\/fr\/wp-json\/wp\/v2\/types\/page"}],"author":[{"embeddable":true,"href":"https:\/\/blumenetc.ch\/fr\/wp-json\/wp\/v2\/users\/1"}],"replies":[{"embeddable":true,"href":"https:\/\/blumenetc.ch\/fr\/wp-json\/wp\/v2\/comments?post=553"}],"version-history":[{"count":26,"href":"https:\/\/blumenetc.ch\/fr\/wp-json\/wp\/v2\/pages\/553\/revisions"}],"predecessor-version":[{"id":1594,"href":"https:\/\/blumenetc.ch\/fr\/wp-json\/wp\/v2\/pages\/553\/revisions\/1594"}],"wp:attachment":[{"href":"https:\/\/blumenetc.ch\/fr\/wp-json\/wp\/v2\/media?parent=553"}],"curies":[{"name":"wp","href":"https:\/\/api.w.org\/{rel}","templated":true}]}}