{"id":552,"date":"2018-04-16T09:35:01","date_gmt":"2018-04-16T07:35:01","guid":{"rendered":"http:\/\/blumenetc.ch\/impressum\/"},"modified":"2023-08-25T11:33:26","modified_gmt":"2023-08-25T09:33:26","slug":"mentions-legales","status":"publish","type":"page","link":"https:\/\/blumenetc.ch\/fr\/mentions-legales\/","title":{"rendered":"Mentions l\u00e9gales"},"content":{"rendered":"<section class=\"l-section wpb_row height_medium\"><div class=\"l-section-h i-cf\"><div class=\"g-cols vc_row via_flex valign_top type_default stacking_default\"><div class=\"vc_col-sm-12 wpb_column vc_column_container\"><div class=\"vc_column-inner\"><div class=\"wpb_wrapper\"><div class=\"wpb_text_column\"><div class=\"wpb_wrapper\"><h3>Adresse de contact<\/h3>\n<p>Ir\u00e8ne Schacher<br \/>\nEidg. dipl. Floristin<br \/>\nNeumarktstrasse 34<br \/>\nCH\u20132502 Biel\/Bienne<\/p>\n<p>T \/ F 032 323 02 22<br \/>\netc(at)blumenetc.ch<br \/>\nwww.blumenetc.ch<\/p>\n<h3>Clause de non-responsabilit\u00e9<\/h3>\n<p>L&rsquo;auteur n&rsquo;assume aucune responsabilit\u00e9 quant \u00e0 l&rsquo;exactitude, la pr\u00e9cision, l&rsquo;actualit\u00e9, la fiabilit\u00e9 et l&rsquo;exhaustivit\u00e9 des informations. Les r\u00e9clamations en responsabilit\u00e9 concernant les dommages caus\u00e9s par l&rsquo;utilisation de toute information fournie, y compris tout type d&rsquo;information incompl\u00e8te ou incorrecte, seront donc rejet\u00e9es. Toutes les offres sont sans engagement. L&rsquo;auteur se r\u00e9serve express\u00e9ment le droit de modifier, de compl\u00e9ter ou de supprimer des parties des pages ou l&rsquo;ensemble de l&rsquo;offre sans avis pr\u00e9alable ou d&rsquo;en interrompre la publication temporairement ou d\u00e9finitivement.<\/p>\n<h3>Responsabilit\u00e9 des liens<\/h3>\n<p>Les r\u00e9f\u00e9rences et les liens vers des sites web tiers ne rel\u00e8vent pas de notre responsabilit\u00e9. Toute responsabilit\u00e9 concernant ces sites web est d\u00e9clin\u00e9e. L&rsquo;acc\u00e8s et l&rsquo;utilisation de ces sites web se font aux risques et p\u00e9rils de l&rsquo;utilisateur.<\/p>\n<h3>Copyright<\/h3>\n<p>Les droits d&rsquo;auteur et tous les autres droits sur le contenu, les images, les photos ou autres fichiers du site web appartiennent exclusivement \u00e0 Blumen etc. ou aux d\u00e9tenteurs de droits d&rsquo;auteur sp\u00e9cifiquement nomm\u00e9s. Pour la reproduction de tout \u00e9l\u00e9ment, le consentement \u00e9crit des d\u00e9tenteurs des droits d&rsquo;auteur doit \u00eatre obtenu au pr\u00e9alable.<\/p>\n<h3>R\u00e9glementation g\u00e9n\u00e9rale en mati\u00e8re de protection des donn\u00e9es<\/h3>\n<p>Si la possibilit\u00e9 de saisir des donn\u00e9es personnelles ou professionnelles (adresses \u00e9lectroniques, noms, adresses) est offerte, la saisie de ces donn\u00e9es se fait sur une base volontaire. L&rsquo;utilisation des adresses postales, des num\u00e9ros de t\u00e9l\u00e9phone ou de fax et des adresses \u00e9lectroniques publi\u00e9s \u00e0 des fins de marketing est interdite, les contrevenants qui envoient des messages non sollicit\u00e9s seront punis. Nous nous r\u00e9servons express\u00e9ment le droit d&rsquo;engager des poursuites judiciaires contre les exp\u00e9diteurs de messages dits \u00ab\u00a0spam\u00a0\u00bb en cas de violation de cette interdiction.<\/p>\n<h3>Cookies<\/h3>\n<p>Ce site web utilise des cookies. Les cookies sont de petits fichiers texte qui sont stock\u00e9s de mani\u00e8re permanente ou temporaire sur votre ordinateur lorsque vous visitez ce site web. L&rsquo;objectif des cookies est notamment l&rsquo;analyse de l&rsquo;utilisation de ce site web \u00e0 des fins d&rsquo;\u00e9valuation statistique ainsi que d&rsquo;am\u00e9lioration continue.<\/p>\n<p>Dans votre navigateur, vous pouvez d\u00e9sactiver les cookies en tout ou en partie \u00e0 tout moment dans les param\u00e8tres. Si les cookies sont d\u00e9sactiv\u00e9s, il est possible que vous ne puissiez plus utiliser toutes les fonctions de ce site web.<\/p>\n<h3>Google Analytics<\/h3>\n<p>Ce site web utilise Google Analytics, un service d&rsquo;analyse de sites web fourni par Google Inc, (1600 Amphitheatre Parkway Mountain View, CA 94043, USA ; \u00ab\u00a0Google\u00a0\u00bb). Au nom de l&rsquo;exploitant de ce site Web, Google utilisera ces informations dans le but d&rsquo;\u00e9valuer votre utilisation du site Web, de compiler des rapports sur l&rsquo;activit\u00e9 du site Web et de fournir d&rsquo;autres services li\u00e9s \u00e0 l&rsquo;activit\u00e9 du site Web et \u00e0 l&rsquo;utilisation d&rsquo;Internet \u00e0 l&rsquo;exploitant du site Web.<\/p>\n<p>Une utilisation de Google Analytics conforme \u00e0 la protection des donn\u00e9es et sans plainte est possible sous certaines conditions. Bien s\u00fbr, nous respectons ces conditions. Nous tenons \u00e0 souligner que sur ce site, Google Analytics a \u00e9t\u00e9 \u00e9tendu par le code \u00ab\u00a0anonymizeIp\u00a0\u00bb afin de garantir une collecte anonyme des adresses IP (ce qu&rsquo;on appelle le masquage d&rsquo;IP). Votre adresse IP sera pr\u00e9alablement raccourcie par Google dans les \u00c9tats membres de l&rsquo;Union europ\u00e9enne ou dans d&rsquo;autres \u00c9tats contractants de l&rsquo;accord sur l&rsquo;Espace \u00e9conomique europ\u00e9en. Ce n&rsquo;est que dans des cas exceptionnels que l&rsquo;adresse IP compl\u00e8te sera transmise \u00e0 un serveur de Google aux \u00c9tats-Unis et y sera raccourcie. L&rsquo;adresse IP transmise par votre navigateur dans le cadre de Google Analytics ne sera pas fusionn\u00e9e avec d&rsquo;autres donn\u00e9es de Google. La base juridique pour l&rsquo;utilisation de Google Analytics est le \u00a7 15 al. 3 TMG ou l&rsquo;art. 6 al. 1 lit. f DSGVO. Les sessions et les campagnes se terminent apr\u00e8s un certain temps. Par d\u00e9faut, les sessions sont interrompues apr\u00e8s 30 minutes sans activit\u00e9 et les campagnes apr\u00e8s six mois. La dur\u00e9e des campagnes peut \u00eatre de deux ans au maximum. Pour plus d&rsquo;informations sur les conditions d&rsquo;utilisation et la protection de la vie priv\u00e9e, veuillez consulter le site https:\/\/www.google.com\/analytics\/terms\/de.html ou https:\/\/www.google.de\/intl\/de\/policies\/.<\/p>\n<p>Google Analytics utilise des \u00ab\u00a0cookies\u00a0\u00bb, qui sont des fichiers texte plac\u00e9s sur votre ordinateur, pour aider le site internet \u00e0 analyser l&rsquo;utilisation du site par ses utilisateurs. Les informations g\u00e9n\u00e9r\u00e9es par le cookie concernant votre utilisation du site web seront transmises et stock\u00e9es par Google sur des serveurs situ\u00e9s aux \u00c9tats-Unis. Vous pouvez refuser l&rsquo;utilisation de cookies en s\u00e9lectionnant les param\u00e8tres appropri\u00e9s de votre navigateur, mais veuillez noter que si vous le faites, vous risquez de ne pas pouvoir utiliser toutes les fonctionnalit\u00e9s de ce site web. Vous pouvez \u00e9galement emp\u00eacher la collecte des donn\u00e9es g\u00e9n\u00e9r\u00e9es par le cookie et li\u00e9es \u00e0 votre utilisation du site web (y compris votre adresse IP) par Google et le traitement de ces donn\u00e9es par Google en t\u00e9l\u00e9chargeant et en installant le module compl\u00e9mentaire du navigateur. Si vous cliquez ici, un cookie de d\u00e9sactivation sera install\u00e9 qui emp\u00eachera la collecte future de vos donn\u00e9es lors de votre visite sur ce site web: <strong>D\u00e9sactiver Google Analytics<\/strong><\/p>\n<h3>Concept, design et programmation<\/h3>\n<p>team8 GmbH, Ipsach<br \/>\n<a href=\"https:\/\/www.team8.ch\/\" target=\"_blank\" rel=\"noopener noreferrer\">www.team8.ch<\/a><br \/>\nE-Mail:\u00a0<a href=\"mailto:info@team8.ch\">info@team8.ch<\/a><\/p>\n<h3>Textes<\/h3>\n<p>bct burkhardt<br \/>\ncommunication gmbh<br \/>\nH\u00f6heweg 66<br \/>\nCH-2502 Biel-Bienne<br \/>\n<a href=\"mailto:info@bctburkhardt.ch\">info@bctburkhardt.ch<\/a><\/p>\n<\/div><\/div><\/div><\/div><\/div><\/div><\/div><\/section>\n","protected":false},"excerpt":{"rendered":"Adresse de contact Ir\u00e8ne Schacher Eidg. dipl. Floristin Neumarktstrasse 34 CH\u20132502 Biel\/Bienne T \/ F 032 323 02 22 etc(at)blumenetc.ch www.blumenetc.ch Clause de non-responsabilit\u00e9 L&rsquo;auteur n&rsquo;assume aucune responsabilit\u00e9 quant \u00e0 l&rsquo;exactitude, la pr\u00e9cision, l&rsquo;actualit\u00e9, la fiabilit\u00e9 et l&rsquo;exhaustivit\u00e9 des informations. Les r\u00e9clamations en responsabilit\u00e9 concernant les dommages caus\u00e9s par l&rsquo;utilisation de toute information fournie, y...","protected":false},"author":1,"featured_media":0,"parent":0,"menu_order":0,"comment_status":"closed","ping_status":"closed","template":"","meta":{"footnotes":""},"class_list":["post-552","page","type-page","status-publish","hentry"],"yoast_head":"<!-- This site is optimized with the Yoast SEO plugin v27.4 - https:\/\/yoast.com\/product\/yoast-seo-wordpress\/ -->\n<title>Mentions l\u00e9gales - Blumen etc<\/title>\n<meta name=\"robots\" content=\"index, follow, max-snippet:-1, max-image-preview:large, max-video-preview:-1\" \/>\n<link rel=\"canonical\" href=\"https:\/\/blumenetc.ch\/fr\/mentions-legales\/\" \/>\n<meta property=\"og:locale\" content=\"fr_FR\" \/>\n<meta property=\"og:type\" content=\"article\" \/>\n<meta property=\"og:title\" content=\"Mentions l\u00e9gales - Blumen etc\" \/>\n<meta property=\"og:url\" content=\"https:\/\/blumenetc.ch\/fr\/mentions-legales\/\" \/>\n<meta property=\"og:site_name\" content=\"Blumen etc\" \/>\n<meta property=\"article:publisher\" content=\"https:\/\/www.facebook.com\/blumenetc\" \/>\n<meta property=\"article:modified_time\" content=\"2023-08-25T09:33:26+00:00\" \/>\n<meta name=\"twitter:card\" content=\"summary_large_image\" \/>\n<meta name=\"twitter:label1\" content=\"Dur\u00e9e de lecture estim\u00e9e\" \/>\n\t<meta name=\"twitter:data1\" content=\"5 minutes\" \/>\n<script type=\"application\/ld+json\" class=\"yoast-schema-graph\">{\"@context\":\"https:\\\/\\\/schema.org\",\"@graph\":[{\"@type\":\"WebPage\",\"@id\":\"https:\\\/\\\/blumenetc.ch\\\/fr\\\/mentions-legales\\\/\",\"url\":\"https:\\\/\\\/blumenetc.ch\\\/fr\\\/mentions-legales\\\/\",\"name\":\"Mentions l\u00e9gales - Blumen etc\",\"isPartOf\":{\"@id\":\"https:\\\/\\\/blumenetc.ch\\\/#website\"},\"datePublished\":\"2018-04-16T07:35:01+00:00\",\"dateModified\":\"2023-08-25T09:33:26+00:00\",\"breadcrumb\":{\"@id\":\"https:\\\/\\\/blumenetc.ch\\\/fr\\\/mentions-legales\\\/#breadcrumb\"},\"inLanguage\":\"fr-FR\",\"potentialAction\":[{\"@type\":\"ReadAction\",\"target\":[\"https:\\\/\\\/blumenetc.ch\\\/fr\\\/mentions-legales\\\/\"]}]},{\"@type\":\"BreadcrumbList\",\"@id\":\"https:\\\/\\\/blumenetc.ch\\\/fr\\\/mentions-legales\\\/#breadcrumb\",\"itemListElement\":[{\"@type\":\"ListItem\",\"position\":1,\"name\":\"Startseite\",\"item\":\"https:\\\/\\\/blumenetc.ch\\\/fr\\\/\"},{\"@type\":\"ListItem\",\"position\":2,\"name\":\"Mentions l\u00e9gales\"}]},{\"@type\":\"WebSite\",\"@id\":\"https:\\\/\\\/blumenetc.ch\\\/#website\",\"url\":\"https:\\\/\\\/blumenetc.ch\\\/\",\"name\":\"Blumen etc\",\"description\":\"\",\"publisher\":{\"@id\":\"https:\\\/\\\/blumenetc.ch\\\/#organization\"},\"potentialAction\":[{\"@type\":\"SearchAction\",\"target\":{\"@type\":\"EntryPoint\",\"urlTemplate\":\"https:\\\/\\\/blumenetc.ch\\\/?s={search_term_string}\"},\"query-input\":{\"@type\":\"PropertyValueSpecification\",\"valueRequired\":true,\"valueName\":\"search_term_string\"}}],\"inLanguage\":\"fr-FR\"},{\"@type\":\"Organization\",\"@id\":\"https:\\\/\\\/blumenetc.ch\\\/#organization\",\"name\":\"Blumen etc...\",\"url\":\"https:\\\/\\\/blumenetc.ch\\\/\",\"logo\":{\"@type\":\"ImageObject\",\"inLanguage\":\"fr-FR\",\"@id\":\"https:\\\/\\\/blumenetc.ch\\\/#\\\/schema\\\/logo\\\/image\\\/\",\"url\":\"https:\\\/\\\/blumenetc.ch\\\/wp-content\\\/uploads\\\/2018\\\/08\\\/blumenetc-favicon02.jpg\",\"contentUrl\":\"https:\\\/\\\/blumenetc.ch\\\/wp-content\\\/uploads\\\/2018\\\/08\\\/blumenetc-favicon02.jpg\",\"width\":512,\"height\":512,\"caption\":\"Blumen etc...\"},\"image\":{\"@id\":\"https:\\\/\\\/blumenetc.ch\\\/#\\\/schema\\\/logo\\\/image\\\/\"},\"sameAs\":[\"https:\\\/\\\/www.facebook.com\\\/blumenetc\",\"https:\\\/\\\/www.instagram.com\\\/blumen_etc\"]}]}<\/script>\n<!-- \/ Yoast SEO plugin. -->","yoast_head_json":{"title":"Mentions l\u00e9gales - Blumen etc","robots":{"index":"index","follow":"follow","max-snippet":"max-snippet:-1","max-image-preview":"max-image-preview:large","max-video-preview":"max-video-preview:-1"},"canonical":"https:\/\/blumenetc.ch\/fr\/mentions-legales\/","og_locale":"fr_FR","og_type":"article","og_title":"Mentions l\u00e9gales - Blumen etc","og_url":"https:\/\/blumenetc.ch\/fr\/mentions-legales\/","og_site_name":"Blumen etc","article_publisher":"https:\/\/www.facebook.com\/blumenetc","article_modified_time":"2023-08-25T09:33:26+00:00","twitter_card":"summary_large_image","twitter_misc":{"Dur\u00e9e de lecture estim\u00e9e":"5 minutes"},"schema":{"@context":"https:\/\/schema.org","@graph":[{"@type":"WebPage","@id":"https:\/\/blumenetc.ch\/fr\/mentions-legales\/","url":"https:\/\/blumenetc.ch\/fr\/mentions-legales\/","name":"Mentions l\u00e9gales - Blumen etc","isPartOf":{"@id":"https:\/\/blumenetc.ch\/#website"},"datePublished":"2018-04-16T07:35:01+00:00","dateModified":"2023-08-25T09:33:26+00:00","breadcrumb":{"@id":"https:\/\/blumenetc.ch\/fr\/mentions-legales\/#breadcrumb"},"inLanguage":"fr-FR","potentialAction":[{"@type":"ReadAction","target":["https:\/\/blumenetc.ch\/fr\/mentions-legales\/"]}]},{"@type":"BreadcrumbList","@id":"https:\/\/blumenetc.ch\/fr\/mentions-legales\/#breadcrumb","itemListElement":[{"@type":"ListItem","position":1,"name":"Startseite","item":"https:\/\/blumenetc.ch\/fr\/"},{"@type":"ListItem","position":2,"name":"Mentions l\u00e9gales"}]},{"@type":"WebSite","@id":"https:\/\/blumenetc.ch\/#website","url":"https:\/\/blumenetc.ch\/","name":"Blumen etc","description":"","publisher":{"@id":"https:\/\/blumenetc.ch\/#organization"},"potentialAction":[{"@type":"SearchAction","target":{"@type":"EntryPoint","urlTemplate":"https:\/\/blumenetc.ch\/?s={search_term_string}"},"query-input":{"@type":"PropertyValueSpecification","valueRequired":true,"valueName":"search_term_string"}}],"inLanguage":"fr-FR"},{"@type":"Organization","@id":"https:\/\/blumenetc.ch\/#organization","name":"Blumen etc...","url":"https:\/\/blumenetc.ch\/","logo":{"@type":"ImageObject","inLanguage":"fr-FR","@id":"https:\/\/blumenetc.ch\/#\/schema\/logo\/image\/","url":"https:\/\/blumenetc.ch\/wp-content\/uploads\/2018\/08\/blumenetc-favicon02.jpg","contentUrl":"https:\/\/blumenetc.ch\/wp-content\/uploads\/2018\/08\/blumenetc-favicon02.jpg","width":512,"height":512,"caption":"Blumen etc..."},"image":{"@id":"https:\/\/blumenetc.ch\/#\/schema\/logo\/image\/"},"sameAs":["https:\/\/www.facebook.com\/blumenetc","https:\/\/www.instagram.com\/blumen_etc"]}]}},"_links":{"self":[{"href":"https:\/\/blumenetc.ch\/fr\/wp-json\/wp\/v2\/pages\/552","targetHints":{"allow":["GET"]}}],"collection":[{"href":"https:\/\/blumenetc.ch\/fr\/wp-json\/wp\/v2\/pages"}],"about":[{"href":"https:\/\/blumenetc.ch\/fr\/wp-json\/wp\/v2\/types\/page"}],"author":[{"embeddable":true,"href":"https:\/\/blumenetc.ch\/fr\/wp-json\/wp\/v2\/users\/1"}],"replies":[{"embeddable":true,"href":"https:\/\/blumenetc.ch\/fr\/wp-json\/wp\/v2\/comments?post=552"}],"version-history":[{"count":5,"href":"https:\/\/blumenetc.ch\/fr\/wp-json\/wp\/v2\/pages\/552\/revisions"}],"predecessor-version":[{"id":1495,"href":"https:\/\/blumenetc.ch\/fr\/wp-json\/wp\/v2\/pages\/552\/revisions\/1495"}],"wp:attachment":[{"href":"https:\/\/blumenetc.ch\/fr\/wp-json\/wp\/v2\/media?parent=552"}],"curies":[{"name":"wp","href":"https:\/\/api.w.org\/{rel}","templated":true}]}}