{"id":548,"date":"2018-08-29T15:39:21","date_gmt":"2018-08-29T13:39:21","guid":{"rendered":"http:\/\/blumenetc.ch\/dekorationen\/"},"modified":"2022-11-13T09:59:50","modified_gmt":"2022-11-13T08:59:50","slug":"evenements-professionnels-et-culturels","status":"publish","type":"page","link":"https:\/\/blumenetc.ch\/fr\/evenements-professionnels-et-culturels\/","title":{"rendered":"Ev\u00e9nements professionnels et culturels"},"content":{"rendered":"<section class=\"l-section wpb_row height_auto width_full\"><div class=\"l-section-h i-cf\"><div class=\"g-cols vc_row via_flex valign_top type_default stacking_default\"><div class=\"vc_col-sm-3 wpb_column vc_column_container\"><div class=\"vc_column-inner\"><div class=\"wpb_wrapper\"><\/div><\/div><\/div><div class=\"vc_col-sm-6 wpb_column vc_column_container\"><div class=\"vc_column-inner\"><div class=\"wpb_wrapper\"><div class=\"ult-spacer spacer-69e65b80d61b2\" data-id=\"69e65b80d61b2\" data-height=\"600\" data-height-mobile=\"200\" data-height-tab=\"400\" data-height-tab-portrait=\"400\" data-height-mobile-landscape=\"200\" style=\"clear:both;display:block;\"><\/div><div class=\"wpb_text_column us_custom_66c5374d\"><div class=\"wpb_wrapper\"><h1 style=\"text-align: center;\">Ev\u00e9nements professionnels et culturels<\/h1>\n<h3 style=\"text-align: center;\">Les fleurs cr\u00e9ent un cadre sympathique<\/h3>\n<p style=\"text-align: center;\">Que ce soit une d\u00e9coration sobre pour une assembl\u00e9e g\u00e9n\u00e9rale, de magnifiques compositions pour un \u00e9v\u00e9nement culturel ou une soir\u00e9e d\u2019entreprise, ou encore des d\u00e9corations de table bien pens\u00e9es \u2013 les fleurs soulignent le caract\u00e8re festif ou solennel des \u00e9v\u00e9nements et contribuent \u00e0 cr\u00e9er une ambiance positive.<\/p>\n<\/div><\/div><div class=\"ult-spacer spacer-69e65b80d67cd\" data-id=\"69e65b80d67cd\" data-height=\"100\" data-height-mobile=\"0\" data-height-tab=\"50\" data-height-tab-portrait=\"50\" data-height-mobile-landscape=\"0\" style=\"clear:both;display:block;\"><\/div><\/div><\/div><\/div><div class=\"vc_col-sm-3 wpb_column vc_column_container\"><div class=\"vc_column-inner\"><div class=\"wpb_wrapper\"><\/div><\/div><\/div><\/div><\/div><\/section><!-- Row Backgrounds --><div class=\"upb_bg_img\" data-ultimate-bg=\"url(https:\/\/blumenetc.ch\/wp-content\/uploads\/2021\/09\/IMG_2135-scaled.jpg)\" data-image-id=\"id^1170|url^https:\/\/blumenetc.ch\/wp-content\/uploads\/2021\/09\/IMG_2135-scaled.jpg|caption^null|alt^null|title^IMG_2135|description^null\" data-ultimate-bg-style=\"vcpb-default\" data-bg-img-repeat=\"no-repeat\" data-bg-img-size=\"cover\" data-bg-img-position=\"\" data-parallx_sense=\"30\" data-bg-override=\"0\" data-bg_img_attach=\"fixed\" data-upb-overlay-color=\"\" data-upb-bg-animation=\"\" data-fadeout=\"\" data-bg-animation=\"left-animation\" data-bg-animation-type=\"h\" data-animation-repeat=\"repeat\" data-fadeout-percentage=\"30\" data-parallax-content=\"\" data-parallax-content-sense=\"30\" data-row-effect-mobile-disable=\"true\" data-img-parallax-mobile-disable=\"true\" data-rtl=\"false\"  data-custom-vc-row=\"\"  data-vc=\"8.7.2\"  data-is_old_vc=\"\"  data-theme-support=\"\"   data-overlay=\"false\" data-overlay-color=\"\" data-overlay-pattern=\"\" data-overlay-pattern-opacity=\"\" data-overlay-pattern-size=\"\"    ><\/div><section class=\"l-section wpb_row height_auto width_full\"><div class=\"l-section-h i-cf\"><div class=\"g-cols vc_row via_flex valign_middle type_default stacking_default\"><div class=\"vc_col-sm-4 wpb_column vc_column_container has_text_color has_bg_color\"><div class=\"vc_column-inner us_custom_ee288072\"><div class=\"wpb_wrapper\"><div class=\"wpb_text_column us_custom_6618e26b\"><div class=\"wpb_wrapper\"><h2>D\u00e9corations \u00e9v\u00e9nementielles<\/h2>\n<p>Chaque \u00e9v\u00e9nement est unique \u2013 et sa d\u00e9coration florale aussi ! Nous nous faisons un plaisir de vous proposer des ornements sur mesure en fonction de l\u2019\u00e9v\u00e9nement que vous pr\u00e9parez et du style que vous voulez lui donner.<\/p>\n<ul>\n<li>Compositions pour sc\u00e8nes et espaces d\u2019accueil<\/li>\n<li>D\u00e9corations de locaux<\/li>\n<li>D\u00e9corations de tables<\/li>\n<li>Bouquets \u00e0 offrir<\/li>\n<li>Petits pr\u00e9sents pour invit\u00e9s<\/li>\n<\/ul>\n<p>Nous vous conseillons volontiers.<\/p>\n<\/div><\/div><div class=\"w-btn-wrapper align_none\"><a class=\"w-btn us-btn-style_2 us_custom_a8ad455f\" title=\"Contact\" href=\"https:\/\/blumenetc.ch\/fr\/contact\/\"><span class=\"w-btn-label\">Contact<\/span><\/a><\/div><\/div><\/div><\/div><div class=\"vc_col-sm-8 wpb_column vc_column_container\"><div class=\"vc_column-inner us_custom_57f5615c\"><div class=\"wpb_wrapper\"><div class=\"sb-bg-slider-params sb-slider-data-source-shortcode sb-slider-bg-type-cover\" data-source=\"shortcode\" data-slider_attachments=\"https:\/\/blumenetc.ch\/wp-content\/uploads\/2018\/08\/blumen-etc-slider_0029_dekorationen.jpg|https:\/\/blumenetc.ch\/wp-content\/uploads\/2018\/08\/blumen-etc-slider_0031_dekorationen.jpg|https:\/\/blumenetc.ch\/wp-content\/uploads\/2018\/08\/blumen-etc-slider_0030_dekorationen.jpg|https:\/\/blumenetc.ch\/wp-content\/uploads\/2018\/08\/blumen-etc-slider_0028_dekorationen.jpg|https:\/\/blumenetc.ch\/wp-content\/uploads\/2018\/08\/blumen-etc-slider_0032_dekorationen.jpg\" data-animation_speed=\"750\" data-slide_duration=\"3000\" data-centered_x=\"yes\" data-centered_y=\"yes\" style=\"height:750px;\"><div class=\"sbvcgmap-vertical-center\"><\/div><\/div><\/div><\/div><\/div><\/div><\/div><\/section>\n","protected":false},"excerpt":{"rendered":"Ev\u00e9nements professionnels et culturels Les fleurs cr\u00e9ent un cadre sympathique Que ce soit une d\u00e9coration sobre pour une assembl\u00e9e g\u00e9n\u00e9rale, de magnifiques compositions pour un \u00e9v\u00e9nement culturel ou une soir\u00e9e d\u2019entreprise, ou encore des d\u00e9corations de table bien pens\u00e9es \u2013 les fleurs soulignent le caract\u00e8re festif ou solennel des \u00e9v\u00e9nements et contribuent \u00e0 cr\u00e9er une...","protected":false},"author":1,"featured_media":0,"parent":0,"menu_order":0,"comment_status":"closed","ping_status":"closed","template":"","meta":{"footnotes":""},"class_list":["post-548","page","type-page","status-publish","hentry"],"yoast_head":"<!-- This site is optimized with the Yoast SEO plugin v27.4 - https:\/\/yoast.com\/product\/yoast-seo-wordpress\/ -->\n<title>Ev\u00e9nements professionnels et culturels - Blumen etc<\/title>\n<meta name=\"description\" content=\"Les fleurs cr\u00e9ent un cadre sympathique et soulignent le caract\u00e8re festif ou solennel de vos \u00e9v\u00e9nements.\" \/>\n<meta name=\"robots\" content=\"index, follow, max-snippet:-1, max-image-preview:large, max-video-preview:-1\" \/>\n<link rel=\"canonical\" href=\"https:\/\/blumenetc.ch\/fr\/evenements-professionnels-et-culturels\/\" \/>\n<meta property=\"og:locale\" content=\"fr_FR\" \/>\n<meta property=\"og:type\" content=\"article\" \/>\n<meta property=\"og:title\" content=\"Ev\u00e9nements professionnels et culturels - Blumen etc\" \/>\n<meta property=\"og:description\" content=\"Les fleurs cr\u00e9ent un cadre sympathique et soulignent le caract\u00e8re festif ou solennel de vos \u00e9v\u00e9nements.\" \/>\n<meta property=\"og:url\" content=\"https:\/\/blumenetc.ch\/fr\/evenements-professionnels-et-culturels\/\" \/>\n<meta property=\"og:site_name\" content=\"Blumen etc\" \/>\n<meta property=\"article:publisher\" content=\"https:\/\/www.facebook.com\/blumenetc\" \/>\n<meta property=\"article:modified_time\" content=\"2022-11-13T08:59:50+00:00\" \/>\n<meta name=\"twitter:card\" content=\"summary_large_image\" \/>\n<meta name=\"twitter:label1\" content=\"Dur\u00e9e de lecture estim\u00e9e\" \/>\n\t<meta name=\"twitter:data1\" content=\"1 minute\" \/>\n<script type=\"application\/ld+json\" class=\"yoast-schema-graph\">{\"@context\":\"https:\\\/\\\/schema.org\",\"@graph\":[{\"@type\":\"WebPage\",\"@id\":\"https:\\\/\\\/blumenetc.ch\\\/fr\\\/evenements-professionnels-et-culturels\\\/\",\"url\":\"https:\\\/\\\/blumenetc.ch\\\/fr\\\/evenements-professionnels-et-culturels\\\/\",\"name\":\"Ev\u00e9nements professionnels et culturels - Blumen etc\",\"isPartOf\":{\"@id\":\"https:\\\/\\\/blumenetc.ch\\\/#website\"},\"datePublished\":\"2018-08-29T13:39:21+00:00\",\"dateModified\":\"2022-11-13T08:59:50+00:00\",\"description\":\"Les fleurs cr\u00e9ent un cadre sympathique et soulignent le caract\u00e8re festif ou solennel de vos \u00e9v\u00e9nements.\",\"breadcrumb\":{\"@id\":\"https:\\\/\\\/blumenetc.ch\\\/fr\\\/evenements-professionnels-et-culturels\\\/#breadcrumb\"},\"inLanguage\":\"fr-FR\",\"potentialAction\":[{\"@type\":\"ReadAction\",\"target\":[\"https:\\\/\\\/blumenetc.ch\\\/fr\\\/evenements-professionnels-et-culturels\\\/\"]}]},{\"@type\":\"BreadcrumbList\",\"@id\":\"https:\\\/\\\/blumenetc.ch\\\/fr\\\/evenements-professionnels-et-culturels\\\/#breadcrumb\",\"itemListElement\":[{\"@type\":\"ListItem\",\"position\":1,\"name\":\"Startseite\",\"item\":\"https:\\\/\\\/blumenetc.ch\\\/fr\\\/\"},{\"@type\":\"ListItem\",\"position\":2,\"name\":\"Ev\u00e9nements professionnels et culturels\"}]},{\"@type\":\"WebSite\",\"@id\":\"https:\\\/\\\/blumenetc.ch\\\/#website\",\"url\":\"https:\\\/\\\/blumenetc.ch\\\/\",\"name\":\"Blumen etc\",\"description\":\"\",\"publisher\":{\"@id\":\"https:\\\/\\\/blumenetc.ch\\\/#organization\"},\"potentialAction\":[{\"@type\":\"SearchAction\",\"target\":{\"@type\":\"EntryPoint\",\"urlTemplate\":\"https:\\\/\\\/blumenetc.ch\\\/?s={search_term_string}\"},\"query-input\":{\"@type\":\"PropertyValueSpecification\",\"valueRequired\":true,\"valueName\":\"search_term_string\"}}],\"inLanguage\":\"fr-FR\"},{\"@type\":\"Organization\",\"@id\":\"https:\\\/\\\/blumenetc.ch\\\/#organization\",\"name\":\"Blumen etc...\",\"url\":\"https:\\\/\\\/blumenetc.ch\\\/\",\"logo\":{\"@type\":\"ImageObject\",\"inLanguage\":\"fr-FR\",\"@id\":\"https:\\\/\\\/blumenetc.ch\\\/#\\\/schema\\\/logo\\\/image\\\/\",\"url\":\"https:\\\/\\\/blumenetc.ch\\\/wp-content\\\/uploads\\\/2018\\\/08\\\/blumenetc-favicon02.jpg\",\"contentUrl\":\"https:\\\/\\\/blumenetc.ch\\\/wp-content\\\/uploads\\\/2018\\\/08\\\/blumenetc-favicon02.jpg\",\"width\":512,\"height\":512,\"caption\":\"Blumen etc...\"},\"image\":{\"@id\":\"https:\\\/\\\/blumenetc.ch\\\/#\\\/schema\\\/logo\\\/image\\\/\"},\"sameAs\":[\"https:\\\/\\\/www.facebook.com\\\/blumenetc\",\"https:\\\/\\\/www.instagram.com\\\/blumen_etc\"]}]}<\/script>\n<!-- \/ Yoast SEO plugin. -->","yoast_head_json":{"title":"Ev\u00e9nements professionnels et culturels - Blumen etc","description":"Les fleurs cr\u00e9ent un cadre sympathique et soulignent le caract\u00e8re festif ou solennel de vos \u00e9v\u00e9nements.","robots":{"index":"index","follow":"follow","max-snippet":"max-snippet:-1","max-image-preview":"max-image-preview:large","max-video-preview":"max-video-preview:-1"},"canonical":"https:\/\/blumenetc.ch\/fr\/evenements-professionnels-et-culturels\/","og_locale":"fr_FR","og_type":"article","og_title":"Ev\u00e9nements professionnels et culturels - Blumen etc","og_description":"Les fleurs cr\u00e9ent un cadre sympathique et soulignent le caract\u00e8re festif ou solennel de vos \u00e9v\u00e9nements.","og_url":"https:\/\/blumenetc.ch\/fr\/evenements-professionnels-et-culturels\/","og_site_name":"Blumen etc","article_publisher":"https:\/\/www.facebook.com\/blumenetc","article_modified_time":"2022-11-13T08:59:50+00:00","twitter_card":"summary_large_image","twitter_misc":{"Dur\u00e9e de lecture estim\u00e9e":"1 minute"},"schema":{"@context":"https:\/\/schema.org","@graph":[{"@type":"WebPage","@id":"https:\/\/blumenetc.ch\/fr\/evenements-professionnels-et-culturels\/","url":"https:\/\/blumenetc.ch\/fr\/evenements-professionnels-et-culturels\/","name":"Ev\u00e9nements professionnels et culturels - Blumen etc","isPartOf":{"@id":"https:\/\/blumenetc.ch\/#website"},"datePublished":"2018-08-29T13:39:21+00:00","dateModified":"2022-11-13T08:59:50+00:00","description":"Les fleurs cr\u00e9ent un cadre sympathique et soulignent le caract\u00e8re festif ou solennel de vos \u00e9v\u00e9nements.","breadcrumb":{"@id":"https:\/\/blumenetc.ch\/fr\/evenements-professionnels-et-culturels\/#breadcrumb"},"inLanguage":"fr-FR","potentialAction":[{"@type":"ReadAction","target":["https:\/\/blumenetc.ch\/fr\/evenements-professionnels-et-culturels\/"]}]},{"@type":"BreadcrumbList","@id":"https:\/\/blumenetc.ch\/fr\/evenements-professionnels-et-culturels\/#breadcrumb","itemListElement":[{"@type":"ListItem","position":1,"name":"Startseite","item":"https:\/\/blumenetc.ch\/fr\/"},{"@type":"ListItem","position":2,"name":"Ev\u00e9nements professionnels et culturels"}]},{"@type":"WebSite","@id":"https:\/\/blumenetc.ch\/#website","url":"https:\/\/blumenetc.ch\/","name":"Blumen etc","description":"","publisher":{"@id":"https:\/\/blumenetc.ch\/#organization"},"potentialAction":[{"@type":"SearchAction","target":{"@type":"EntryPoint","urlTemplate":"https:\/\/blumenetc.ch\/?s={search_term_string}"},"query-input":{"@type":"PropertyValueSpecification","valueRequired":true,"valueName":"search_term_string"}}],"inLanguage":"fr-FR"},{"@type":"Organization","@id":"https:\/\/blumenetc.ch\/#organization","name":"Blumen etc...","url":"https:\/\/blumenetc.ch\/","logo":{"@type":"ImageObject","inLanguage":"fr-FR","@id":"https:\/\/blumenetc.ch\/#\/schema\/logo\/image\/","url":"https:\/\/blumenetc.ch\/wp-content\/uploads\/2018\/08\/blumenetc-favicon02.jpg","contentUrl":"https:\/\/blumenetc.ch\/wp-content\/uploads\/2018\/08\/blumenetc-favicon02.jpg","width":512,"height":512,"caption":"Blumen etc..."},"image":{"@id":"https:\/\/blumenetc.ch\/#\/schema\/logo\/image\/"},"sameAs":["https:\/\/www.facebook.com\/blumenetc","https:\/\/www.instagram.com\/blumen_etc"]}]}},"_links":{"self":[{"href":"https:\/\/blumenetc.ch\/fr\/wp-json\/wp\/v2\/pages\/548","targetHints":{"allow":["GET"]}}],"collection":[{"href":"https:\/\/blumenetc.ch\/fr\/wp-json\/wp\/v2\/pages"}],"about":[{"href":"https:\/\/blumenetc.ch\/fr\/wp-json\/wp\/v2\/types\/page"}],"author":[{"embeddable":true,"href":"https:\/\/blumenetc.ch\/fr\/wp-json\/wp\/v2\/users\/1"}],"replies":[{"embeddable":true,"href":"https:\/\/blumenetc.ch\/fr\/wp-json\/wp\/v2\/comments?post=548"}],"version-history":[{"count":5,"href":"https:\/\/blumenetc.ch\/fr\/wp-json\/wp\/v2\/pages\/548\/revisions"}],"predecessor-version":[{"id":1242,"href":"https:\/\/blumenetc.ch\/fr\/wp-json\/wp\/v2\/pages\/548\/revisions\/1242"}],"wp:attachment":[{"href":"https:\/\/blumenetc.ch\/fr\/wp-json\/wp\/v2\/media?parent=548"}],"curies":[{"name":"wp","href":"https:\/\/api.w.org\/{rel}","templated":true}]}}