{"id":544,"date":"2018-06-14T16:51:40","date_gmt":"2018-06-14T14:51:40","guid":{"rendered":"http:\/\/blumenetc.ch\/blumen\/ostern\/"},"modified":"2022-11-13T09:51:58","modified_gmt":"2022-11-13T08:51:58","slug":"paques","status":"publish","type":"page","link":"https:\/\/blumenetc.ch\/fr\/blumen-etc\/paques\/","title":{"rendered":"P\u00e2ques"},"content":{"rendered":"<section class=\"l-section wpb_row height_auto width_full\"><div class=\"l-section-h i-cf\"><div class=\"g-cols vc_row via_flex valign_top type_default stacking_default\"><div class=\"vc_col-sm-3 wpb_column vc_column_container\"><div class=\"vc_column-inner\"><div class=\"wpb_wrapper\"><\/div><\/div><\/div><div class=\"vc_col-sm-6 wpb_column vc_column_container\"><div class=\"vc_column-inner\"><div class=\"wpb_wrapper\"><div class=\"ult-spacer spacer-69e658b792e0f\" data-id=\"69e658b792e0f\" data-height=\"600\" data-height-mobile=\"200\" data-height-tab=\"400\" data-height-tab-portrait=\"400\" data-height-mobile-landscape=\"200\" style=\"clear:both;display:block;\"><\/div><div class=\"wpb_text_column us_custom_66c5374d\"><div class=\"wpb_wrapper\"><h1 style=\"text-align: center;\">P\u00e2ques<\/h1>\n<h3 style=\"text-align: center;\">Tout en \u0153uf<\/h3>\n<p style=\"text-align: center;\">Apr\u00e8s les premi\u00e8res messag\u00e8res du printemps, ce sont les jonquilles qui pointent le bout de leur nez. Et nous, nous fourmillons d\u2019id\u00e9es ! Nos fleurs printani\u00e8res, joyeusement mari\u00e9es \u00e0 des plumes et \u00e0 des \u0153ufs de caille, vont mettre de la gaiet\u00e9 dans votre maison et au-dehors.<\/p>\n<\/div><\/div><div class=\"ult-spacer spacer-69e658b793432\" data-id=\"69e658b793432\" data-height=\"100\" data-height-mobile=\"0\" data-height-tab=\"50\" data-height-tab-portrait=\"50\" data-height-mobile-landscape=\"0\" style=\"clear:both;display:block;\"><\/div><\/div><\/div><\/div><div class=\"vc_col-sm-3 wpb_column vc_column_container\"><div class=\"vc_column-inner\"><div class=\"wpb_wrapper\"><\/div><\/div><\/div><\/div><\/div><\/section><!-- Row Backgrounds --><div class=\"upb_bg_img\" data-ultimate-bg=\"url(https:\/\/blumenetc.ch\/wp-content\/uploads\/2021\/09\/IMG_1083-scaled.jpg)\" data-image-id=\"id^1174|url^https:\/\/blumenetc.ch\/wp-content\/uploads\/2021\/09\/IMG_1083-scaled.jpg|caption^null|alt^null|title^IMG_1083|description^null\" data-ultimate-bg-style=\"vcpb-default\" data-bg-img-repeat=\"no-repeat\" data-bg-img-size=\"cover\" data-bg-img-position=\"\" data-parallx_sense=\"30\" data-bg-override=\"0\" data-bg_img_attach=\"fixed\" data-upb-overlay-color=\"\" data-upb-bg-animation=\"\" data-fadeout=\"\" data-bg-animation=\"left-animation\" data-bg-animation-type=\"h\" data-animation-repeat=\"repeat\" data-fadeout-percentage=\"30\" data-parallax-content=\"\" data-parallax-content-sense=\"30\" data-row-effect-mobile-disable=\"true\" data-img-parallax-mobile-disable=\"true\" data-rtl=\"false\"  data-custom-vc-row=\"\"  data-vc=\"8.7.2\"  data-is_old_vc=\"\"  data-theme-support=\"\"   data-overlay=\"false\" data-overlay-color=\"\" data-overlay-pattern=\"\" data-overlay-pattern-opacity=\"\" data-overlay-pattern-size=\"\"    ><\/div><section class=\"l-section wpb_row height_auto width_full\"><div class=\"l-section-h i-cf\"><div class=\"g-cols vc_row via_flex valign_middle type_default stacking_default\"><div class=\"vc_col-sm-4 wpb_column vc_column_container has_text_color has_bg_color\"><div class=\"vc_column-inner us_custom_ee288072\"><div class=\"wpb_wrapper\"><div class=\"wpb_text_column us_custom_6618e26b\"><div class=\"wpb_wrapper\"><h2>L\u2019\u0153uf, un pr\u00e9sent de bon augure\u2026<\/h2>\n<p>La chasse aux \u0153ufs, c\u2019est chaque ann\u00e9e avant P\u00e2ques chez Blumen etc. D\u00e9couvrez les nombreux prix qui se nichent parmi les fleurs de notre boutique !<br \/>\nPour recevoir une invitation personnelle, envoyez-nous tout simplement votre adresse.<\/p>\n<\/div><\/div><div class=\"w-btn-wrapper align_none\"><a class=\"w-btn us-btn-style_2 us_custom_a8ad455f\" title=\"Contact\" href=\"https:\/\/blumenetc.ch\/fr\/contact\/\"><span class=\"w-btn-label\">Contact<\/span><\/a><\/div><\/div><\/div><\/div><div class=\"vc_col-sm-8 wpb_column vc_column_container\"><div class=\"vc_column-inner us_custom_0fb0f71f\"><div class=\"wpb_wrapper\"><div class=\"sb-bg-slider-params sb-slider-data-source-shortcode sb-slider-bg-type-cover\" data-source=\"shortcode\" data-slider_attachments=\"https:\/\/blumenetc.ch\/wp-content\/uploads\/2018\/08\/blumen-etc-slider_0012_ostern.jpg|https:\/\/blumenetc.ch\/wp-content\/uploads\/2018\/08\/blumen-etc-slider_0017_ostern.jpg|https:\/\/blumenetc.ch\/wp-content\/uploads\/2018\/08\/blumen-etc-slider_0016_ostern.jpg|https:\/\/blumenetc.ch\/wp-content\/uploads\/2018\/08\/blumen-etc-slider_0014_ostern.jpg|https:\/\/blumenetc.ch\/wp-content\/uploads\/2018\/08\/blumen-etc-slider_0013_ostern.jpg|https:\/\/blumenetc.ch\/wp-content\/uploads\/2018\/08\/blumen-etc-slider_0015_ostern.jpg|https:\/\/blumenetc.ch\/wp-content\/uploads\/2018\/08\/blumen-etc-slider_0018_ostern.jpg\" data-animation_speed=\"750\" data-slide_duration=\"3000\" data-centered_x=\"yes\" data-centered_y=\"yes\" style=\"height:750px;\"><div class=\"sbvcgmap-vertical-center\"><\/div><\/div><\/div><\/div><\/div><\/div><\/div><\/section>\n","protected":false},"excerpt":{"rendered":"P\u00e2ques Tout en \u0153uf Apr\u00e8s les premi\u00e8res messag\u00e8res du printemps, ce sont les jonquilles qui pointent le bout de leur nez. Et nous, nous fourmillons d\u2019id\u00e9es ! Nos fleurs printani\u00e8res, joyeusement mari\u00e9es \u00e0 des plumes et \u00e0 des \u0153ufs de caille, vont mettre de la gaiet\u00e9 dans votre maison et au-dehors. L\u2019\u0153uf, un pr\u00e9sent de...","protected":false},"author":1,"featured_media":0,"parent":534,"menu_order":0,"comment_status":"closed","ping_status":"closed","template":"","meta":{"footnotes":""},"class_list":["post-544","page","type-page","status-publish","hentry"],"yoast_head":"<!-- This site is optimized with the Yoast SEO plugin v27.4 - https:\/\/yoast.com\/product\/yoast-seo-wordpress\/ -->\n<title>P\u00e2ques - Blumen etc<\/title>\n<meta name=\"description\" content=\"Tout en \u0153uf. Nos fleurs printani\u00e8res, joyeusement mari\u00e9es \u00e0 des plumes et \u00e0 des \u0153ufs de caille, vont mettre de la gaiet\u00e9 dans votre maison et au-dehors.\" \/>\n<meta name=\"robots\" content=\"index, follow, max-snippet:-1, max-image-preview:large, max-video-preview:-1\" \/>\n<link rel=\"canonical\" href=\"https:\/\/blumenetc.ch\/fr\/blumen-etc\/paques\/\" \/>\n<meta property=\"og:locale\" content=\"fr_FR\" \/>\n<meta property=\"og:type\" content=\"article\" \/>\n<meta property=\"og:title\" content=\"P\u00e2ques - Blumen etc\" \/>\n<meta property=\"og:description\" content=\"Tout en \u0153uf. Nos fleurs printani\u00e8res, joyeusement mari\u00e9es \u00e0 des plumes et \u00e0 des \u0153ufs de caille, vont mettre de la gaiet\u00e9 dans votre maison et au-dehors.\" \/>\n<meta property=\"og:url\" content=\"https:\/\/blumenetc.ch\/fr\/blumen-etc\/paques\/\" \/>\n<meta property=\"og:site_name\" content=\"Blumen etc\" \/>\n<meta property=\"article:publisher\" content=\"https:\/\/www.facebook.com\/blumenetc\" \/>\n<meta property=\"article:modified_time\" content=\"2022-11-13T08:51:58+00:00\" \/>\n<meta name=\"twitter:card\" content=\"summary_large_image\" \/>\n<meta name=\"twitter:label1\" content=\"Dur\u00e9e de lecture estim\u00e9e\" \/>\n\t<meta name=\"twitter:data1\" content=\"1 minute\" \/>\n<script type=\"application\/ld+json\" class=\"yoast-schema-graph\">{\"@context\":\"https:\\\/\\\/schema.org\",\"@graph\":[{\"@type\":\"WebPage\",\"@id\":\"https:\\\/\\\/blumenetc.ch\\\/fr\\\/blumen-etc\\\/paques\\\/\",\"url\":\"https:\\\/\\\/blumenetc.ch\\\/fr\\\/blumen-etc\\\/paques\\\/\",\"name\":\"P\u00e2ques - Blumen etc\",\"isPartOf\":{\"@id\":\"https:\\\/\\\/blumenetc.ch\\\/#website\"},\"datePublished\":\"2018-06-14T14:51:40+00:00\",\"dateModified\":\"2022-11-13T08:51:58+00:00\",\"description\":\"Tout en \u0153uf. Nos fleurs printani\u00e8res, joyeusement mari\u00e9es \u00e0 des plumes et \u00e0 des \u0153ufs de caille, vont mettre de la gaiet\u00e9 dans votre maison et au-dehors.\",\"breadcrumb\":{\"@id\":\"https:\\\/\\\/blumenetc.ch\\\/fr\\\/blumen-etc\\\/paques\\\/#breadcrumb\"},\"inLanguage\":\"fr-FR\",\"potentialAction\":[{\"@type\":\"ReadAction\",\"target\":[\"https:\\\/\\\/blumenetc.ch\\\/fr\\\/blumen-etc\\\/paques\\\/\"]}]},{\"@type\":\"BreadcrumbList\",\"@id\":\"https:\\\/\\\/blumenetc.ch\\\/fr\\\/blumen-etc\\\/paques\\\/#breadcrumb\",\"itemListElement\":[{\"@type\":\"ListItem\",\"position\":1,\"name\":\"Startseite\",\"item\":\"https:\\\/\\\/blumenetc.ch\\\/fr\\\/\"},{\"@type\":\"ListItem\",\"position\":2,\"name\":\"Blumen etc\",\"item\":\"https:\\\/\\\/blumenetc.ch\\\/fr\\\/blumen-etc\\\/\"},{\"@type\":\"ListItem\",\"position\":3,\"name\":\"P\u00e2ques\"}]},{\"@type\":\"WebSite\",\"@id\":\"https:\\\/\\\/blumenetc.ch\\\/#website\",\"url\":\"https:\\\/\\\/blumenetc.ch\\\/\",\"name\":\"Blumen etc\",\"description\":\"\",\"publisher\":{\"@id\":\"https:\\\/\\\/blumenetc.ch\\\/#organization\"},\"potentialAction\":[{\"@type\":\"SearchAction\",\"target\":{\"@type\":\"EntryPoint\",\"urlTemplate\":\"https:\\\/\\\/blumenetc.ch\\\/?s={search_term_string}\"},\"query-input\":{\"@type\":\"PropertyValueSpecification\",\"valueRequired\":true,\"valueName\":\"search_term_string\"}}],\"inLanguage\":\"fr-FR\"},{\"@type\":\"Organization\",\"@id\":\"https:\\\/\\\/blumenetc.ch\\\/#organization\",\"name\":\"Blumen etc...\",\"url\":\"https:\\\/\\\/blumenetc.ch\\\/\",\"logo\":{\"@type\":\"ImageObject\",\"inLanguage\":\"fr-FR\",\"@id\":\"https:\\\/\\\/blumenetc.ch\\\/#\\\/schema\\\/logo\\\/image\\\/\",\"url\":\"https:\\\/\\\/blumenetc.ch\\\/wp-content\\\/uploads\\\/2018\\\/08\\\/blumenetc-favicon02.jpg\",\"contentUrl\":\"https:\\\/\\\/blumenetc.ch\\\/wp-content\\\/uploads\\\/2018\\\/08\\\/blumenetc-favicon02.jpg\",\"width\":512,\"height\":512,\"caption\":\"Blumen etc...\"},\"image\":{\"@id\":\"https:\\\/\\\/blumenetc.ch\\\/#\\\/schema\\\/logo\\\/image\\\/\"},\"sameAs\":[\"https:\\\/\\\/www.facebook.com\\\/blumenetc\",\"https:\\\/\\\/www.instagram.com\\\/blumen_etc\"]}]}<\/script>\n<!-- \/ Yoast SEO plugin. -->","yoast_head_json":{"title":"P\u00e2ques - Blumen etc","description":"Tout en \u0153uf. Nos fleurs printani\u00e8res, joyeusement mari\u00e9es \u00e0 des plumes et \u00e0 des \u0153ufs de caille, vont mettre de la gaiet\u00e9 dans votre maison et au-dehors.","robots":{"index":"index","follow":"follow","max-snippet":"max-snippet:-1","max-image-preview":"max-image-preview:large","max-video-preview":"max-video-preview:-1"},"canonical":"https:\/\/blumenetc.ch\/fr\/blumen-etc\/paques\/","og_locale":"fr_FR","og_type":"article","og_title":"P\u00e2ques - Blumen etc","og_description":"Tout en \u0153uf. Nos fleurs printani\u00e8res, joyeusement mari\u00e9es \u00e0 des plumes et \u00e0 des \u0153ufs de caille, vont mettre de la gaiet\u00e9 dans votre maison et au-dehors.","og_url":"https:\/\/blumenetc.ch\/fr\/blumen-etc\/paques\/","og_site_name":"Blumen etc","article_publisher":"https:\/\/www.facebook.com\/blumenetc","article_modified_time":"2022-11-13T08:51:58+00:00","twitter_card":"summary_large_image","twitter_misc":{"Dur\u00e9e de lecture estim\u00e9e":"1 minute"},"schema":{"@context":"https:\/\/schema.org","@graph":[{"@type":"WebPage","@id":"https:\/\/blumenetc.ch\/fr\/blumen-etc\/paques\/","url":"https:\/\/blumenetc.ch\/fr\/blumen-etc\/paques\/","name":"P\u00e2ques - Blumen etc","isPartOf":{"@id":"https:\/\/blumenetc.ch\/#website"},"datePublished":"2018-06-14T14:51:40+00:00","dateModified":"2022-11-13T08:51:58+00:00","description":"Tout en \u0153uf. Nos fleurs printani\u00e8res, joyeusement mari\u00e9es \u00e0 des plumes et \u00e0 des \u0153ufs de caille, vont mettre de la gaiet\u00e9 dans votre maison et au-dehors.","breadcrumb":{"@id":"https:\/\/blumenetc.ch\/fr\/blumen-etc\/paques\/#breadcrumb"},"inLanguage":"fr-FR","potentialAction":[{"@type":"ReadAction","target":["https:\/\/blumenetc.ch\/fr\/blumen-etc\/paques\/"]}]},{"@type":"BreadcrumbList","@id":"https:\/\/blumenetc.ch\/fr\/blumen-etc\/paques\/#breadcrumb","itemListElement":[{"@type":"ListItem","position":1,"name":"Startseite","item":"https:\/\/blumenetc.ch\/fr\/"},{"@type":"ListItem","position":2,"name":"Blumen etc","item":"https:\/\/blumenetc.ch\/fr\/blumen-etc\/"},{"@type":"ListItem","position":3,"name":"P\u00e2ques"}]},{"@type":"WebSite","@id":"https:\/\/blumenetc.ch\/#website","url":"https:\/\/blumenetc.ch\/","name":"Blumen etc","description":"","publisher":{"@id":"https:\/\/blumenetc.ch\/#organization"},"potentialAction":[{"@type":"SearchAction","target":{"@type":"EntryPoint","urlTemplate":"https:\/\/blumenetc.ch\/?s={search_term_string}"},"query-input":{"@type":"PropertyValueSpecification","valueRequired":true,"valueName":"search_term_string"}}],"inLanguage":"fr-FR"},{"@type":"Organization","@id":"https:\/\/blumenetc.ch\/#organization","name":"Blumen etc...","url":"https:\/\/blumenetc.ch\/","logo":{"@type":"ImageObject","inLanguage":"fr-FR","@id":"https:\/\/blumenetc.ch\/#\/schema\/logo\/image\/","url":"https:\/\/blumenetc.ch\/wp-content\/uploads\/2018\/08\/blumenetc-favicon02.jpg","contentUrl":"https:\/\/blumenetc.ch\/wp-content\/uploads\/2018\/08\/blumenetc-favicon02.jpg","width":512,"height":512,"caption":"Blumen etc..."},"image":{"@id":"https:\/\/blumenetc.ch\/#\/schema\/logo\/image\/"},"sameAs":["https:\/\/www.facebook.com\/blumenetc","https:\/\/www.instagram.com\/blumen_etc"]}]}},"_links":{"self":[{"href":"https:\/\/blumenetc.ch\/fr\/wp-json\/wp\/v2\/pages\/544","targetHints":{"allow":["GET"]}}],"collection":[{"href":"https:\/\/blumenetc.ch\/fr\/wp-json\/wp\/v2\/pages"}],"about":[{"href":"https:\/\/blumenetc.ch\/fr\/wp-json\/wp\/v2\/types\/page"}],"author":[{"embeddable":true,"href":"https:\/\/blumenetc.ch\/fr\/wp-json\/wp\/v2\/users\/1"}],"replies":[{"embeddable":true,"href":"https:\/\/blumenetc.ch\/fr\/wp-json\/wp\/v2\/comments?post=544"}],"version-history":[{"count":6,"href":"https:\/\/blumenetc.ch\/fr\/wp-json\/wp\/v2\/pages\/544\/revisions"}],"predecessor-version":[{"id":1241,"href":"https:\/\/blumenetc.ch\/fr\/wp-json\/wp\/v2\/pages\/544\/revisions\/1241"}],"up":[{"embeddable":true,"href":"https:\/\/blumenetc.ch\/fr\/wp-json\/wp\/v2\/pages\/534"}],"wp:attachment":[{"href":"https:\/\/blumenetc.ch\/fr\/wp-json\/wp\/v2\/media?parent=544"}],"curies":[{"name":"wp","href":"https:\/\/api.w.org\/{rel}","templated":true}]}}