{"id":542,"date":"2018-06-14T16:51:29","date_gmt":"2018-06-14T14:51:29","guid":{"rendered":"http:\/\/blumenetc.ch\/blumen\/hochzeit\/"},"modified":"2022-11-13T09:36:39","modified_gmt":"2022-11-13T08:36:39","slug":"fleurs-de-mariage","status":"publish","type":"page","link":"https:\/\/blumenetc.ch\/fr\/blumen-etc\/fleurs-de-mariage\/","title":{"rendered":"Fleurs de mariage"},"content":{"rendered":"<section class=\"l-section wpb_row height_auto width_full\"><div class=\"l-section-h i-cf\"><div class=\"g-cols vc_row via_flex valign_top type_default stacking_default\"><div class=\"vc_col-sm-3 wpb_column vc_column_container\"><div class=\"vc_column-inner\"><div class=\"wpb_wrapper\"><\/div><\/div><\/div><div class=\"vc_col-sm-6 wpb_column vc_column_container\"><div class=\"vc_column-inner\"><div class=\"wpb_wrapper\"><div class=\"ult-spacer spacer-69e658cd01b74\" data-id=\"69e658cd01b74\" data-height=\"600\" data-height-mobile=\"200\" data-height-tab=\"400\" data-height-tab-portrait=\"400\" data-height-mobile-landscape=\"200\" style=\"clear:both;display:block;\"><\/div><div class=\"wpb_text_column us_custom_65bb48c7\"><div class=\"wpb_wrapper\"><h1 style=\"text-align: center;\">Fleurs de mariage<\/h1>\n<h3 style=\"text-align: center;\">Le bouquet de la mari\u00e9e, la d\u00e9coration des tables et de l\u2019\u00e9glise: tout doit \u00eatre parfait en ce grand jour.<\/h3>\n<p>Les fleurs ont un r\u00f4le crucial \u00e0 jouer durant cette journ\u00e9e inoubliable! La mari\u00e9e sera encore plus belle avec des fleurs dans les cheveux et un bouquet \u00e0 la main. A l\u2019\u00e9glise, de subtiles compositions florales cr\u00e9eront une ambiance romantique, pr\u00e9lude d\u2019une f\u00eate inoubliable. Quel que soit le lieu et le style de votre c\u00e9l\u00e9bration, nous inventerons avec vous une d\u00e9coration d\u2019exception pour ce jour unique.<\/p>\n<\/div><\/div><div class=\"ult-spacer spacer-69e658cd02134\" data-id=\"69e658cd02134\" data-height=\"100\" data-height-mobile=\"0\" data-height-tab=\"50\" data-height-tab-portrait=\"50\" data-height-mobile-landscape=\"0\" style=\"clear:both;display:block;\"><\/div><\/div><\/div><\/div><div class=\"vc_col-sm-3 wpb_column vc_column_container\"><div class=\"vc_column-inner\"><div class=\"wpb_wrapper\"><\/div><\/div><\/div><\/div><\/div><\/section><!-- Row Backgrounds --><div class=\"upb_bg_img\" data-ultimate-bg=\"url(https:\/\/blumenetc.ch\/wp-content\/uploads\/2018\/08\/blumen-etc-header_0003_hochzeit.jpg)\" data-image-id=\"id^477|url^http:\/\/blumenetc.ch\/wp-content\/uploads\/2018\/08\/blumen-etc-header_0003_hochzeit.jpg|caption^null|alt^null|title^blumen-etc-header_0003_hochzeit|description^null\" data-ultimate-bg-style=\"vcpb-default\" data-bg-img-repeat=\"no-repeat\" data-bg-img-size=\"cover\" data-bg-img-position=\"\" data-parallx_sense=\"30\" data-bg-override=\"0\" data-bg_img_attach=\"fixed\" data-upb-overlay-color=\"\" data-upb-bg-animation=\"\" data-fadeout=\"\" data-bg-animation=\"left-animation\" data-bg-animation-type=\"h\" data-animation-repeat=\"repeat\" data-fadeout-percentage=\"30\" data-parallax-content=\"\" data-parallax-content-sense=\"30\" data-row-effect-mobile-disable=\"true\" data-img-parallax-mobile-disable=\"true\" data-rtl=\"false\"  data-custom-vc-row=\"\"  data-vc=\"8.7.2\"  data-is_old_vc=\"\"  data-theme-support=\"\"   data-overlay=\"false\" data-overlay-color=\"\" data-overlay-pattern=\"\" data-overlay-pattern-opacity=\"\" data-overlay-pattern-size=\"\"    ><\/div><section class=\"l-section wpb_row height_auto width_full\"><div class=\"l-section-h i-cf\"><div class=\"g-cols vc_row via_flex valign_middle type_default stacking_default\"><div class=\"vc_col-sm-4 wpb_column vc_column_container has_bg_color\"><div class=\"vc_column-inner us_custom_d0c61d87\"><div class=\"wpb_wrapper\"><div class=\"wpb_text_column us_custom_f7f9a716 has_text_color\"><div class=\"wpb_wrapper\"><h2>Pour un mariage \u00e0 votre image<\/h2>\n<ul>\n<li>Bouquet de mari\u00e9e et boutonni\u00e8re<\/li>\n<li>Coiffure de mari\u00e9e fleurie<\/li>\n<li>D\u00e9coration d\u2019\u00e9glise<\/li>\n<li>D\u00e9corations de tables<\/li>\n<li>Cadeaux de mariage \/ Emballages-cadeaux<\/li>\n<\/ul>\n<p>Contactez-nous \u00e0 l\u2019avance, faites-nous part de vos id\u00e9es et de vos souhaits, nous vous conseillerons avec plaisir.<\/p>\n<\/div><\/div><div class=\"w-btn-wrapper align_none\"><a class=\"w-btn us-btn-style_2 us_custom_a8ad455f\" title=\"Contact\" href=\"https:\/\/blumenetc.ch\/fr\/contact\/\"><span class=\"w-btn-label\">Contact<\/span><\/a><\/div><\/div><\/div><\/div><div class=\"vc_col-sm-8 wpb_column vc_column_container\"><div class=\"vc_column-inner us_custom_57f5615c\"><div class=\"wpb_wrapper\"><div class=\"sb-bg-slider-params sb-slider-data-source-shortcode sb-slider-bg-type-cover\" data-source=\"shortcode\" data-slider_attachments=\"https:\/\/blumenetc.ch\/wp-content\/uploads\/2018\/08\/blumen-etc-slider_0027_hochzeit.jpg|https:\/\/blumenetc.ch\/wp-content\/uploads\/2018\/08\/blumen-etc-slider_0023_hochzeit.jpg|https:\/\/blumenetc.ch\/wp-content\/uploads\/2018\/08\/blumen-etc-slider_0022_hochzeit.jpg|https:\/\/blumenetc.ch\/wp-content\/uploads\/2018\/08\/blumen-etc-slider_0020_hochzeit.jpg|https:\/\/blumenetc.ch\/wp-content\/uploads\/2018\/08\/blumen-etc-slider_0026_hochzeit.jpg|https:\/\/blumenetc.ch\/wp-content\/uploads\/2018\/08\/blumen-etc-slider_0024_hochzeit.jpg|https:\/\/blumenetc.ch\/wp-content\/uploads\/2018\/08\/blumen-etc-slider_0019_hochzeit.jpg|https:\/\/blumenetc.ch\/wp-content\/uploads\/2018\/08\/blumen-etc-slider_0021_hochzeit.jpg|https:\/\/blumenetc.ch\/wp-content\/uploads\/2018\/08\/blumen-etc-slider_0025_hochzeit.jpg\" data-animation_speed=\"750\" data-slide_duration=\"3000\" data-centered_x=\"yes\" data-centered_y=\"yes\" style=\"height:750px;\"><div class=\"sbvcgmap-vertical-center\"><\/div><\/div><\/div><\/div><\/div><\/div><\/div><\/section>\n","protected":false},"excerpt":{"rendered":"Fleurs de mariage Le bouquet de la mari\u00e9e, la d\u00e9coration des tables et de l\u2019\u00e9glise: tout doit \u00eatre parfait en ce grand jour. Les fleurs ont un r\u00f4le crucial \u00e0 jouer durant cette journ\u00e9e inoubliable! La mari\u00e9e sera encore plus belle avec des fleurs dans les cheveux et un bouquet \u00e0 la main. A l\u2019\u00e9glise,...","protected":false},"author":1,"featured_media":0,"parent":534,"menu_order":0,"comment_status":"closed","ping_status":"closed","template":"","meta":{"footnotes":""},"class_list":["post-542","page","type-page","status-publish","hentry"],"yoast_head":"<!-- This site is optimized with the Yoast SEO plugin v27.4 - https:\/\/yoast.com\/product\/yoast-seo-wordpress\/ -->\n<title>Fleurs de mariage - Blumen etc<\/title>\n<meta name=\"description\" content=\"Nous r\u00e9alisons vos r\u00eaves de fleurs pour une f\u00eate inoubliable. Bouquets de mariage, d\u00e9coraton de l&#039;\u00e9glise et voiture.\" \/>\n<meta name=\"robots\" content=\"index, follow, max-snippet:-1, max-image-preview:large, max-video-preview:-1\" \/>\n<link rel=\"canonical\" href=\"https:\/\/blumenetc.ch\/fr\/blumen-etc\/fleurs-de-mariage\/\" \/>\n<meta property=\"og:locale\" content=\"fr_FR\" \/>\n<meta property=\"og:type\" content=\"article\" \/>\n<meta property=\"og:title\" content=\"Fleurs de mariage - Blumen etc\" \/>\n<meta property=\"og:description\" content=\"Nous r\u00e9alisons vos r\u00eaves de fleurs pour une f\u00eate inoubliable. Bouquets de mariage, d\u00e9coraton de l&#039;\u00e9glise et voiture.\" \/>\n<meta property=\"og:url\" content=\"https:\/\/blumenetc.ch\/fr\/blumen-etc\/fleurs-de-mariage\/\" \/>\n<meta property=\"og:site_name\" content=\"Blumen etc\" \/>\n<meta property=\"article:publisher\" content=\"https:\/\/www.facebook.com\/blumenetc\" \/>\n<meta property=\"article:modified_time\" content=\"2022-11-13T08:36:39+00:00\" \/>\n<meta name=\"twitter:card\" content=\"summary_large_image\" \/>\n<meta name=\"twitter:label1\" content=\"Dur\u00e9e de lecture estim\u00e9e\" \/>\n\t<meta name=\"twitter:data1\" content=\"1 minute\" \/>\n<script type=\"application\/ld+json\" class=\"yoast-schema-graph\">{\"@context\":\"https:\\\/\\\/schema.org\",\"@graph\":[{\"@type\":\"WebPage\",\"@id\":\"https:\\\/\\\/blumenetc.ch\\\/fr\\\/blumen-etc\\\/fleurs-de-mariage\\\/\",\"url\":\"https:\\\/\\\/blumenetc.ch\\\/fr\\\/blumen-etc\\\/fleurs-de-mariage\\\/\",\"name\":\"Fleurs de mariage - Blumen etc\",\"isPartOf\":{\"@id\":\"https:\\\/\\\/blumenetc.ch\\\/#website\"},\"datePublished\":\"2018-06-14T14:51:29+00:00\",\"dateModified\":\"2022-11-13T08:36:39+00:00\",\"description\":\"Nous r\u00e9alisons vos r\u00eaves de fleurs pour une f\u00eate inoubliable. Bouquets de mariage, d\u00e9coraton de l'\u00e9glise et voiture.\",\"breadcrumb\":{\"@id\":\"https:\\\/\\\/blumenetc.ch\\\/fr\\\/blumen-etc\\\/fleurs-de-mariage\\\/#breadcrumb\"},\"inLanguage\":\"fr-FR\",\"potentialAction\":[{\"@type\":\"ReadAction\",\"target\":[\"https:\\\/\\\/blumenetc.ch\\\/fr\\\/blumen-etc\\\/fleurs-de-mariage\\\/\"]}]},{\"@type\":\"BreadcrumbList\",\"@id\":\"https:\\\/\\\/blumenetc.ch\\\/fr\\\/blumen-etc\\\/fleurs-de-mariage\\\/#breadcrumb\",\"itemListElement\":[{\"@type\":\"ListItem\",\"position\":1,\"name\":\"Startseite\",\"item\":\"https:\\\/\\\/blumenetc.ch\\\/fr\\\/\"},{\"@type\":\"ListItem\",\"position\":2,\"name\":\"Blumen etc\",\"item\":\"https:\\\/\\\/blumenetc.ch\\\/fr\\\/blumen-etc\\\/\"},{\"@type\":\"ListItem\",\"position\":3,\"name\":\"Fleurs de mariage\"}]},{\"@type\":\"WebSite\",\"@id\":\"https:\\\/\\\/blumenetc.ch\\\/#website\",\"url\":\"https:\\\/\\\/blumenetc.ch\\\/\",\"name\":\"Blumen etc\",\"description\":\"\",\"publisher\":{\"@id\":\"https:\\\/\\\/blumenetc.ch\\\/#organization\"},\"potentialAction\":[{\"@type\":\"SearchAction\",\"target\":{\"@type\":\"EntryPoint\",\"urlTemplate\":\"https:\\\/\\\/blumenetc.ch\\\/?s={search_term_string}\"},\"query-input\":{\"@type\":\"PropertyValueSpecification\",\"valueRequired\":true,\"valueName\":\"search_term_string\"}}],\"inLanguage\":\"fr-FR\"},{\"@type\":\"Organization\",\"@id\":\"https:\\\/\\\/blumenetc.ch\\\/#organization\",\"name\":\"Blumen etc...\",\"url\":\"https:\\\/\\\/blumenetc.ch\\\/\",\"logo\":{\"@type\":\"ImageObject\",\"inLanguage\":\"fr-FR\",\"@id\":\"https:\\\/\\\/blumenetc.ch\\\/#\\\/schema\\\/logo\\\/image\\\/\",\"url\":\"https:\\\/\\\/blumenetc.ch\\\/wp-content\\\/uploads\\\/2018\\\/08\\\/blumenetc-favicon02.jpg\",\"contentUrl\":\"https:\\\/\\\/blumenetc.ch\\\/wp-content\\\/uploads\\\/2018\\\/08\\\/blumenetc-favicon02.jpg\",\"width\":512,\"height\":512,\"caption\":\"Blumen etc...\"},\"image\":{\"@id\":\"https:\\\/\\\/blumenetc.ch\\\/#\\\/schema\\\/logo\\\/image\\\/\"},\"sameAs\":[\"https:\\\/\\\/www.facebook.com\\\/blumenetc\",\"https:\\\/\\\/www.instagram.com\\\/blumen_etc\"]}]}<\/script>\n<!-- \/ Yoast SEO plugin. -->","yoast_head_json":{"title":"Fleurs de mariage - Blumen etc","description":"Nous r\u00e9alisons vos r\u00eaves de fleurs pour une f\u00eate inoubliable. Bouquets de mariage, d\u00e9coraton de l'\u00e9glise et voiture.","robots":{"index":"index","follow":"follow","max-snippet":"max-snippet:-1","max-image-preview":"max-image-preview:large","max-video-preview":"max-video-preview:-1"},"canonical":"https:\/\/blumenetc.ch\/fr\/blumen-etc\/fleurs-de-mariage\/","og_locale":"fr_FR","og_type":"article","og_title":"Fleurs de mariage - Blumen etc","og_description":"Nous r\u00e9alisons vos r\u00eaves de fleurs pour une f\u00eate inoubliable. Bouquets de mariage, d\u00e9coraton de l'\u00e9glise et voiture.","og_url":"https:\/\/blumenetc.ch\/fr\/blumen-etc\/fleurs-de-mariage\/","og_site_name":"Blumen etc","article_publisher":"https:\/\/www.facebook.com\/blumenetc","article_modified_time":"2022-11-13T08:36:39+00:00","twitter_card":"summary_large_image","twitter_misc":{"Dur\u00e9e de lecture estim\u00e9e":"1 minute"},"schema":{"@context":"https:\/\/schema.org","@graph":[{"@type":"WebPage","@id":"https:\/\/blumenetc.ch\/fr\/blumen-etc\/fleurs-de-mariage\/","url":"https:\/\/blumenetc.ch\/fr\/blumen-etc\/fleurs-de-mariage\/","name":"Fleurs de mariage - Blumen etc","isPartOf":{"@id":"https:\/\/blumenetc.ch\/#website"},"datePublished":"2018-06-14T14:51:29+00:00","dateModified":"2022-11-13T08:36:39+00:00","description":"Nous r\u00e9alisons vos r\u00eaves de fleurs pour une f\u00eate inoubliable. Bouquets de mariage, d\u00e9coraton de l'\u00e9glise et voiture.","breadcrumb":{"@id":"https:\/\/blumenetc.ch\/fr\/blumen-etc\/fleurs-de-mariage\/#breadcrumb"},"inLanguage":"fr-FR","potentialAction":[{"@type":"ReadAction","target":["https:\/\/blumenetc.ch\/fr\/blumen-etc\/fleurs-de-mariage\/"]}]},{"@type":"BreadcrumbList","@id":"https:\/\/blumenetc.ch\/fr\/blumen-etc\/fleurs-de-mariage\/#breadcrumb","itemListElement":[{"@type":"ListItem","position":1,"name":"Startseite","item":"https:\/\/blumenetc.ch\/fr\/"},{"@type":"ListItem","position":2,"name":"Blumen etc","item":"https:\/\/blumenetc.ch\/fr\/blumen-etc\/"},{"@type":"ListItem","position":3,"name":"Fleurs de mariage"}]},{"@type":"WebSite","@id":"https:\/\/blumenetc.ch\/#website","url":"https:\/\/blumenetc.ch\/","name":"Blumen etc","description":"","publisher":{"@id":"https:\/\/blumenetc.ch\/#organization"},"potentialAction":[{"@type":"SearchAction","target":{"@type":"EntryPoint","urlTemplate":"https:\/\/blumenetc.ch\/?s={search_term_string}"},"query-input":{"@type":"PropertyValueSpecification","valueRequired":true,"valueName":"search_term_string"}}],"inLanguage":"fr-FR"},{"@type":"Organization","@id":"https:\/\/blumenetc.ch\/#organization","name":"Blumen etc...","url":"https:\/\/blumenetc.ch\/","logo":{"@type":"ImageObject","inLanguage":"fr-FR","@id":"https:\/\/blumenetc.ch\/#\/schema\/logo\/image\/","url":"https:\/\/blumenetc.ch\/wp-content\/uploads\/2018\/08\/blumenetc-favicon02.jpg","contentUrl":"https:\/\/blumenetc.ch\/wp-content\/uploads\/2018\/08\/blumenetc-favicon02.jpg","width":512,"height":512,"caption":"Blumen etc..."},"image":{"@id":"https:\/\/blumenetc.ch\/#\/schema\/logo\/image\/"},"sameAs":["https:\/\/www.facebook.com\/blumenetc","https:\/\/www.instagram.com\/blumen_etc"]}]}},"_links":{"self":[{"href":"https:\/\/blumenetc.ch\/fr\/wp-json\/wp\/v2\/pages\/542","targetHints":{"allow":["GET"]}}],"collection":[{"href":"https:\/\/blumenetc.ch\/fr\/wp-json\/wp\/v2\/pages"}],"about":[{"href":"https:\/\/blumenetc.ch\/fr\/wp-json\/wp\/v2\/types\/page"}],"author":[{"embeddable":true,"href":"https:\/\/blumenetc.ch\/fr\/wp-json\/wp\/v2\/users\/1"}],"replies":[{"embeddable":true,"href":"https:\/\/blumenetc.ch\/fr\/wp-json\/wp\/v2\/comments?post=542"}],"version-history":[{"count":12,"href":"https:\/\/blumenetc.ch\/fr\/wp-json\/wp\/v2\/pages\/542\/revisions"}],"predecessor-version":[{"id":1132,"href":"https:\/\/blumenetc.ch\/fr\/wp-json\/wp\/v2\/pages\/542\/revisions\/1132"}],"up":[{"embeddable":true,"href":"https:\/\/blumenetc.ch\/fr\/wp-json\/wp\/v2\/pages\/534"}],"wp:attachment":[{"href":"https:\/\/blumenetc.ch\/fr\/wp-json\/wp\/v2\/media?parent=542"}],"curies":[{"name":"wp","href":"https:\/\/api.w.org\/{rel}","templated":true}]}}