{"id":540,"date":"2018-07-11T11:46:17","date_gmt":"2018-07-11T09:46:17","guid":{"rendered":"http:\/\/blumenetc.ch\/blumen\/dauerauftraege-abonnements\/"},"modified":"2022-11-13T09:43:37","modified_gmt":"2022-11-13T08:43:37","slug":"mandats-permanents-abonnements-floraux","status":"publish","type":"page","link":"https:\/\/blumenetc.ch\/fr\/blumen-etc\/mandats-permanents-abonnements-floraux\/","title":{"rendered":"Mandats permanents, abonnements floraux"},"content":{"rendered":"<section class=\"l-section wpb_row height_auto width_full\"><div class=\"l-section-h i-cf\"><div class=\"g-cols vc_row via_flex valign_top type_default stacking_default\"><div class=\"vc_col-sm-3 wpb_column vc_column_container\"><div class=\"vc_column-inner\"><div class=\"wpb_wrapper\"><\/div><\/div><\/div><div class=\"vc_col-sm-6 wpb_column vc_column_container\"><div class=\"vc_column-inner\"><div class=\"wpb_wrapper\"><div class=\"ult-spacer spacer-69e65e3db6411\" data-id=\"69e65e3db6411\" data-height=\"600\" data-height-mobile=\"200\" data-height-tab=\"400\" data-height-tab-portrait=\"400\" data-height-mobile-landscape=\"200\" style=\"clear:both;display:block;\"><\/div><div class=\"wpb_text_column us_custom_66c5374d\"><div class=\"wpb_wrapper\"><h1 style=\"text-align: center;\">Mandats permanents, abonnements floraux<\/h1>\n<h3 style=\"text-align: center;\">Des fleurs pour votre entreprise, vos bureaux, vos salles de r\u00e9union et espaces d\u2019accueil<\/h3>\n<p style=\"text-align: center;\">Nous avons de nombreuses id\u00e9es de d\u00e9coration et les adaptons volontiers \u00e0 vos besoins et au style de vos locaux. Un abonnement floral vous simplifie la vie et vous laisse le temps d\u2019appr\u00e9cier nos cr\u00e9ations, semaine apr\u00e8s semaine.<\/p>\n<p>En qu\u00eate d\u2019inspiration ? Consultez-nous, nous vous conseillerons avec plaisir.<\/p>\n<\/div><\/div><div class=\"ult-spacer spacer-69e65e3db7513\" data-id=\"69e65e3db7513\" data-height=\"100\" data-height-mobile=\"0\" data-height-tab=\"50\" data-height-tab-portrait=\"50\" data-height-mobile-landscape=\"0\" style=\"clear:both;display:block;\"><\/div><\/div><\/div><\/div><div class=\"vc_col-sm-3 wpb_column vc_column_container\"><div class=\"vc_column-inner\"><div class=\"wpb_wrapper\"><\/div><\/div><\/div><\/div><\/div><\/section><!-- Row Backgrounds --><div class=\"upb_bg_img\" data-ultimate-bg=\"url(https:\/\/blumenetc.ch\/wp-content\/uploads\/2021\/09\/IMG_0677-scaled.jpg)\" data-image-id=\"id^1176|url^https:\/\/blumenetc.ch\/wp-content\/uploads\/2021\/09\/IMG_0677-scaled.jpg|caption^null|alt^null|title^IMG_0677|description^null\" data-ultimate-bg-style=\"vcpb-default\" data-bg-img-repeat=\"no-repeat\" data-bg-img-size=\"cover\" data-bg-img-position=\"\" data-parallx_sense=\"30\" data-bg-override=\"0\" data-bg_img_attach=\"fixed\" data-upb-overlay-color=\"\" data-upb-bg-animation=\"\" data-fadeout=\"\" data-bg-animation=\"left-animation\" data-bg-animation-type=\"h\" data-animation-repeat=\"repeat\" data-fadeout-percentage=\"30\" data-parallax-content=\"\" data-parallax-content-sense=\"30\" data-row-effect-mobile-disable=\"true\" data-img-parallax-mobile-disable=\"true\" data-rtl=\"false\"  data-custom-vc-row=\"\"  data-vc=\"8.7.2\"  data-is_old_vc=\"\"  data-theme-support=\"\"   data-overlay=\"false\" data-overlay-color=\"\" data-overlay-pattern=\"\" data-overlay-pattern-opacity=\"\" data-overlay-pattern-size=\"\"    ><\/div><section class=\"l-section wpb_row height_auto width_full\"><div class=\"l-section-h i-cf\"><div class=\"g-cols vc_row via_flex valign_middle type_default stacking_default\"><div class=\"vc_col-sm-4 wpb_column vc_column_container has_text_color has_bg_color\"><div class=\"vc_column-inner us_custom_ee288072\"><div class=\"wpb_wrapper\"><div class=\"wpb_text_column us_custom_6618e26b\"><div class=\"wpb_wrapper\"><h2>Ordres permanents et souscriptions<\/h2>\n<p>Nous avons de nombreuses id\u00e9es de d\u00e9coration et sommes heureux de les faire correspondre \u00e0 vos besoins et \u00e0 votre int\u00e9rieur. Avec un abonnement, vous n&rsquo;avez \u00e0 vous soucier de rien et vous pouvez simplement profiter des cr\u00e9ations florales des fleurs, etc.<\/p>\n<p>Nous sommes heureux de vous conseiller &#8211; laissez-nous vous inspirer.<\/p>\n<\/div><\/div><div class=\"w-btn-wrapper align_none\"><a class=\"w-btn us-btn-style_2 us_custom_a8ad455f\" title=\"Contact\" href=\"https:\/\/blumenetc.ch\/fr\/contact\/\"><span class=\"w-btn-label\">Contact<\/span><\/a><\/div><\/div><\/div><\/div><div class=\"vc_col-sm-8 wpb_column vc_column_container\"><div class=\"vc_column-inner us_custom_57f5615c\"><div class=\"wpb_wrapper\"><div class=\"sb-bg-slider-params sb-slider-data-source-shortcode sb-slider-bg-type-cover\" data-source=\"shortcode\" data-slider_attachments=\"https:\/\/blumenetc.ch\/wp-content\/uploads\/2018\/08\/blumen-etc-slider_0033_dauerauftraege-abonnements.jpg|https:\/\/blumenetc.ch\/wp-content\/uploads\/2018\/08\/blumen-etc-slider_0034_dauerauftraege-abonnements.jpg|https:\/\/blumenetc.ch\/wp-content\/uploads\/2018\/08\/blumen-etc-slider_0036_dauerauftraege-abonnements.jpg|https:\/\/blumenetc.ch\/wp-content\/uploads\/2018\/08\/blumen-etc-slider_0035_dauerauftraege-abonnements.jpg\" data-animation_speed=\"750\" data-slide_duration=\"3000\" data-centered_x=\"yes\" data-centered_y=\"yes\" style=\"height:750px;\"><div class=\"sbvcgmap-vertical-center\"><\/div><\/div><\/div><\/div><\/div><\/div><\/div><\/section>\n","protected":false},"excerpt":{"rendered":"Mandats permanents, abonnements floraux Des fleurs pour votre entreprise, vos bureaux, vos salles de r\u00e9union et espaces d\u2019accueil Nous avons de nombreuses id\u00e9es de d\u00e9coration et les adaptons volontiers \u00e0 vos besoins et au style de vos locaux. Un abonnement floral vous simplifie la vie et vous laisse le temps d\u2019appr\u00e9cier nos cr\u00e9ations, semaine apr\u00e8s...","protected":false},"author":1,"featured_media":0,"parent":534,"menu_order":0,"comment_status":"closed","ping_status":"closed","template":"","meta":{"footnotes":""},"class_list":["post-540","page","type-page","status-publish","hentry"],"yoast_head":"<!-- This site is optimized with the Yoast SEO plugin v27.4 - https:\/\/yoast.com\/product\/yoast-seo-wordpress\/ -->\n<title>Mandats permanents, abonnements floraux - Blumen etc<\/title>\n<meta name=\"description\" content=\"Un abonnement floral vous simplifie la vie et vous laisse le temps d\u2019appr\u00e9cier nos cr\u00e9ations, semaine apr\u00e8s semaine.\" \/>\n<meta name=\"robots\" content=\"index, follow, max-snippet:-1, max-image-preview:large, max-video-preview:-1\" \/>\n<link rel=\"canonical\" href=\"https:\/\/blumenetc.ch\/fr\/blumen-etc\/mandats-permanents-abonnements-floraux\/\" \/>\n<meta property=\"og:locale\" content=\"fr_FR\" \/>\n<meta property=\"og:type\" content=\"article\" \/>\n<meta property=\"og:title\" content=\"Mandats permanents, abonnements floraux - Blumen etc\" \/>\n<meta property=\"og:description\" content=\"Un abonnement floral vous simplifie la vie et vous laisse le temps d\u2019appr\u00e9cier nos cr\u00e9ations, semaine apr\u00e8s semaine.\" \/>\n<meta property=\"og:url\" content=\"https:\/\/blumenetc.ch\/fr\/blumen-etc\/mandats-permanents-abonnements-floraux\/\" \/>\n<meta property=\"og:site_name\" content=\"Blumen etc\" \/>\n<meta property=\"article:publisher\" content=\"https:\/\/www.facebook.com\/blumenetc\" \/>\n<meta property=\"article:modified_time\" content=\"2022-11-13T08:43:37+00:00\" \/>\n<meta name=\"twitter:card\" content=\"summary_large_image\" \/>\n<meta name=\"twitter:label1\" content=\"Dur\u00e9e de lecture estim\u00e9e\" \/>\n\t<meta name=\"twitter:data1\" content=\"1 minute\" \/>\n<script type=\"application\/ld+json\" class=\"yoast-schema-graph\">{\"@context\":\"https:\\\/\\\/schema.org\",\"@graph\":[{\"@type\":\"WebPage\",\"@id\":\"https:\\\/\\\/blumenetc.ch\\\/fr\\\/blumen-etc\\\/mandats-permanents-abonnements-floraux\\\/\",\"url\":\"https:\\\/\\\/blumenetc.ch\\\/fr\\\/blumen-etc\\\/mandats-permanents-abonnements-floraux\\\/\",\"name\":\"Mandats permanents, abonnements floraux - Blumen etc\",\"isPartOf\":{\"@id\":\"https:\\\/\\\/blumenetc.ch\\\/#website\"},\"datePublished\":\"2018-07-11T09:46:17+00:00\",\"dateModified\":\"2022-11-13T08:43:37+00:00\",\"description\":\"Un abonnement floral vous simplifie la vie et vous laisse le temps d\u2019appr\u00e9cier nos cr\u00e9ations, semaine apr\u00e8s semaine.\",\"breadcrumb\":{\"@id\":\"https:\\\/\\\/blumenetc.ch\\\/fr\\\/blumen-etc\\\/mandats-permanents-abonnements-floraux\\\/#breadcrumb\"},\"inLanguage\":\"fr-FR\",\"potentialAction\":[{\"@type\":\"ReadAction\",\"target\":[\"https:\\\/\\\/blumenetc.ch\\\/fr\\\/blumen-etc\\\/mandats-permanents-abonnements-floraux\\\/\"]}]},{\"@type\":\"BreadcrumbList\",\"@id\":\"https:\\\/\\\/blumenetc.ch\\\/fr\\\/blumen-etc\\\/mandats-permanents-abonnements-floraux\\\/#breadcrumb\",\"itemListElement\":[{\"@type\":\"ListItem\",\"position\":1,\"name\":\"Startseite\",\"item\":\"https:\\\/\\\/blumenetc.ch\\\/fr\\\/\"},{\"@type\":\"ListItem\",\"position\":2,\"name\":\"Blumen etc\",\"item\":\"https:\\\/\\\/blumenetc.ch\\\/fr\\\/blumen-etc\\\/\"},{\"@type\":\"ListItem\",\"position\":3,\"name\":\"Mandats permanents, abonnements floraux\"}]},{\"@type\":\"WebSite\",\"@id\":\"https:\\\/\\\/blumenetc.ch\\\/#website\",\"url\":\"https:\\\/\\\/blumenetc.ch\\\/\",\"name\":\"Blumen etc\",\"description\":\"\",\"publisher\":{\"@id\":\"https:\\\/\\\/blumenetc.ch\\\/#organization\"},\"potentialAction\":[{\"@type\":\"SearchAction\",\"target\":{\"@type\":\"EntryPoint\",\"urlTemplate\":\"https:\\\/\\\/blumenetc.ch\\\/?s={search_term_string}\"},\"query-input\":{\"@type\":\"PropertyValueSpecification\",\"valueRequired\":true,\"valueName\":\"search_term_string\"}}],\"inLanguage\":\"fr-FR\"},{\"@type\":\"Organization\",\"@id\":\"https:\\\/\\\/blumenetc.ch\\\/#organization\",\"name\":\"Blumen etc...\",\"url\":\"https:\\\/\\\/blumenetc.ch\\\/\",\"logo\":{\"@type\":\"ImageObject\",\"inLanguage\":\"fr-FR\",\"@id\":\"https:\\\/\\\/blumenetc.ch\\\/#\\\/schema\\\/logo\\\/image\\\/\",\"url\":\"https:\\\/\\\/blumenetc.ch\\\/wp-content\\\/uploads\\\/2018\\\/08\\\/blumenetc-favicon02.jpg\",\"contentUrl\":\"https:\\\/\\\/blumenetc.ch\\\/wp-content\\\/uploads\\\/2018\\\/08\\\/blumenetc-favicon02.jpg\",\"width\":512,\"height\":512,\"caption\":\"Blumen etc...\"},\"image\":{\"@id\":\"https:\\\/\\\/blumenetc.ch\\\/#\\\/schema\\\/logo\\\/image\\\/\"},\"sameAs\":[\"https:\\\/\\\/www.facebook.com\\\/blumenetc\",\"https:\\\/\\\/www.instagram.com\\\/blumen_etc\"]}]}<\/script>\n<!-- \/ Yoast SEO plugin. -->","yoast_head_json":{"title":"Mandats permanents, abonnements floraux - Blumen etc","description":"Un abonnement floral vous simplifie la vie et vous laisse le temps d\u2019appr\u00e9cier nos cr\u00e9ations, semaine apr\u00e8s semaine.","robots":{"index":"index","follow":"follow","max-snippet":"max-snippet:-1","max-image-preview":"max-image-preview:large","max-video-preview":"max-video-preview:-1"},"canonical":"https:\/\/blumenetc.ch\/fr\/blumen-etc\/mandats-permanents-abonnements-floraux\/","og_locale":"fr_FR","og_type":"article","og_title":"Mandats permanents, abonnements floraux - Blumen etc","og_description":"Un abonnement floral vous simplifie la vie et vous laisse le temps d\u2019appr\u00e9cier nos cr\u00e9ations, semaine apr\u00e8s semaine.","og_url":"https:\/\/blumenetc.ch\/fr\/blumen-etc\/mandats-permanents-abonnements-floraux\/","og_site_name":"Blumen etc","article_publisher":"https:\/\/www.facebook.com\/blumenetc","article_modified_time":"2022-11-13T08:43:37+00:00","twitter_card":"summary_large_image","twitter_misc":{"Dur\u00e9e de lecture estim\u00e9e":"1 minute"},"schema":{"@context":"https:\/\/schema.org","@graph":[{"@type":"WebPage","@id":"https:\/\/blumenetc.ch\/fr\/blumen-etc\/mandats-permanents-abonnements-floraux\/","url":"https:\/\/blumenetc.ch\/fr\/blumen-etc\/mandats-permanents-abonnements-floraux\/","name":"Mandats permanents, abonnements floraux - Blumen etc","isPartOf":{"@id":"https:\/\/blumenetc.ch\/#website"},"datePublished":"2018-07-11T09:46:17+00:00","dateModified":"2022-11-13T08:43:37+00:00","description":"Un abonnement floral vous simplifie la vie et vous laisse le temps d\u2019appr\u00e9cier nos cr\u00e9ations, semaine apr\u00e8s semaine.","breadcrumb":{"@id":"https:\/\/blumenetc.ch\/fr\/blumen-etc\/mandats-permanents-abonnements-floraux\/#breadcrumb"},"inLanguage":"fr-FR","potentialAction":[{"@type":"ReadAction","target":["https:\/\/blumenetc.ch\/fr\/blumen-etc\/mandats-permanents-abonnements-floraux\/"]}]},{"@type":"BreadcrumbList","@id":"https:\/\/blumenetc.ch\/fr\/blumen-etc\/mandats-permanents-abonnements-floraux\/#breadcrumb","itemListElement":[{"@type":"ListItem","position":1,"name":"Startseite","item":"https:\/\/blumenetc.ch\/fr\/"},{"@type":"ListItem","position":2,"name":"Blumen etc","item":"https:\/\/blumenetc.ch\/fr\/blumen-etc\/"},{"@type":"ListItem","position":3,"name":"Mandats permanents, abonnements floraux"}]},{"@type":"WebSite","@id":"https:\/\/blumenetc.ch\/#website","url":"https:\/\/blumenetc.ch\/","name":"Blumen etc","description":"","publisher":{"@id":"https:\/\/blumenetc.ch\/#organization"},"potentialAction":[{"@type":"SearchAction","target":{"@type":"EntryPoint","urlTemplate":"https:\/\/blumenetc.ch\/?s={search_term_string}"},"query-input":{"@type":"PropertyValueSpecification","valueRequired":true,"valueName":"search_term_string"}}],"inLanguage":"fr-FR"},{"@type":"Organization","@id":"https:\/\/blumenetc.ch\/#organization","name":"Blumen etc...","url":"https:\/\/blumenetc.ch\/","logo":{"@type":"ImageObject","inLanguage":"fr-FR","@id":"https:\/\/blumenetc.ch\/#\/schema\/logo\/image\/","url":"https:\/\/blumenetc.ch\/wp-content\/uploads\/2018\/08\/blumenetc-favicon02.jpg","contentUrl":"https:\/\/blumenetc.ch\/wp-content\/uploads\/2018\/08\/blumenetc-favicon02.jpg","width":512,"height":512,"caption":"Blumen etc..."},"image":{"@id":"https:\/\/blumenetc.ch\/#\/schema\/logo\/image\/"},"sameAs":["https:\/\/www.facebook.com\/blumenetc","https:\/\/www.instagram.com\/blumen_etc"]}]}},"_links":{"self":[{"href":"https:\/\/blumenetc.ch\/fr\/wp-json\/wp\/v2\/pages\/540","targetHints":{"allow":["GET"]}}],"collection":[{"href":"https:\/\/blumenetc.ch\/fr\/wp-json\/wp\/v2\/pages"}],"about":[{"href":"https:\/\/blumenetc.ch\/fr\/wp-json\/wp\/v2\/types\/page"}],"author":[{"embeddable":true,"href":"https:\/\/blumenetc.ch\/fr\/wp-json\/wp\/v2\/users\/1"}],"replies":[{"embeddable":true,"href":"https:\/\/blumenetc.ch\/fr\/wp-json\/wp\/v2\/comments?post=540"}],"version-history":[{"count":11,"href":"https:\/\/blumenetc.ch\/fr\/wp-json\/wp\/v2\/pages\/540\/revisions"}],"predecessor-version":[{"id":1233,"href":"https:\/\/blumenetc.ch\/fr\/wp-json\/wp\/v2\/pages\/540\/revisions\/1233"}],"up":[{"embeddable":true,"href":"https:\/\/blumenetc.ch\/fr\/wp-json\/wp\/v2\/pages\/534"}],"wp:attachment":[{"href":"https:\/\/blumenetc.ch\/fr\/wp-json\/wp\/v2\/media?parent=540"}],"curies":[{"name":"wp","href":"https:\/\/api.w.org\/{rel}","templated":true}]}}