{"id":536,"date":"2018-06-14T16:52:17","date_gmt":"2018-06-14T14:52:17","guid":{"rendered":"http:\/\/blumenetc.ch\/blumen\/abschied-trauerfloristik\/"},"modified":"2022-11-13T09:26:13","modified_gmt":"2022-11-13T08:26:13","slug":"deuil-et-obseques","status":"publish","type":"page","link":"https:\/\/blumenetc.ch\/fr\/blumen-etc\/deuil-et-obseques\/","title":{"rendered":"Deuil et obs\u00e8ques"},"content":{"rendered":"<section class=\"l-section wpb_row height_auto width_full\"><div class=\"l-section-h i-cf\"><div class=\"g-cols vc_row via_flex valign_top type_default stacking_default\"><div class=\"vc_col-sm-3 wpb_column vc_column_container\"><div class=\"vc_column-inner\"><div class=\"wpb_wrapper\"><\/div><\/div><\/div><div class=\"vc_col-sm-6 wpb_column vc_column_container\"><div class=\"vc_column-inner\"><div class=\"wpb_wrapper\"><div class=\"ult-spacer spacer-69e65d4d8ca07\" data-id=\"69e65d4d8ca07\" data-height=\"600\" data-height-mobile=\"200\" data-height-tab=\"400\" data-height-tab-portrait=\"400\" data-height-mobile-landscape=\"200\" style=\"clear:both;display:block;\"><\/div><div class=\"wpb_text_column us_custom_65bb48c7\"><div class=\"wpb_wrapper\"><h1 style=\"text-align: center;\">Deuil et obs\u00e8ques<\/h1>\n<h3 style=\"text-align: center;\">Des fleurs pour prendre cong\u00e9 et r\u00e9conforter<\/h3>\n<p style=\"text-align: center;\">Accompagner les d\u00e9funts jusqu\u2019\u00e0 leur derni\u00e8re demeure avec des fleurs est une tradition mill\u00e9naire. Dans la Gr\u00e8ce antique d\u00e9j\u00e0, la couronne symbolisait l\u2019\u00e9ternit\u00e9. Nous vous conseillons volontiers sur les mani\u00e8res possibles d\u2019exprimer votre sympathie aux endeuill\u00e9s.<\/p>\n<\/div><\/div><div class=\"ult-spacer spacer-69e65d4d8d2ef\" data-id=\"69e65d4d8d2ef\" data-height=\"100\" data-height-mobile=\"0\" data-height-tab=\"50\" data-height-tab-portrait=\"50\" data-height-mobile-landscape=\"0\" style=\"clear:both;display:block;\"><\/div><\/div><\/div><\/div><div class=\"vc_col-sm-3 wpb_column vc_column_container\"><div class=\"vc_column-inner\"><div class=\"wpb_wrapper\"><\/div><\/div><\/div><\/div><\/div><\/section><!-- Row Backgrounds --><div class=\"upb_bg_img\" data-ultimate-bg=\"url(https:\/\/blumenetc.ch\/wp-content\/uploads\/2021\/08\/IMG_2078-scaled.jpg)\" data-image-id=\"id^1163|url^https:\/\/blumenetc.ch\/wp-content\/uploads\/2021\/08\/IMG_2078-scaled.jpg|caption^null|alt^null|title^IMG_2078|description^null\" data-ultimate-bg-style=\"vcpb-default\" data-bg-img-repeat=\"no-repeat\" data-bg-img-size=\"cover\" data-bg-img-position=\"\" data-parallx_sense=\"30\" data-bg-override=\"0\" data-bg_img_attach=\"fixed\" data-upb-overlay-color=\"\" data-upb-bg-animation=\"\" data-fadeout=\"\" data-bg-animation=\"left-animation\" data-bg-animation-type=\"h\" data-animation-repeat=\"repeat\" data-fadeout-percentage=\"30\" data-parallax-content=\"\" data-parallax-content-sense=\"30\" data-row-effect-mobile-disable=\"true\" data-img-parallax-mobile-disable=\"true\" data-rtl=\"false\"  data-custom-vc-row=\"\"  data-vc=\"8.7.2\"  data-is_old_vc=\"\"  data-theme-support=\"\"   data-overlay=\"false\" data-overlay-color=\"\" data-overlay-pattern=\"\" data-overlay-pattern-opacity=\"\" data-overlay-pattern-size=\"\"    ><\/div><section class=\"l-section wpb_row height_auto width_full\"><div class=\"l-section-h i-cf\"><div class=\"g-cols vc_row via_flex valign_middle type_default stacking_default\"><div class=\"vc_col-sm-4 wpb_column vc_column_container has_text_color has_bg_color\"><div class=\"vc_column-inner us_custom_ee288072\"><div class=\"wpb_wrapper\"><div class=\"wpb_text_column us_custom_6618e26b\"><div class=\"wpb_wrapper\"><h2>Les fleurs r\u00e9chauffent le c\u0153ur.<\/h2>\n<ul>\n<li>Couronnes fun\u00e9raires<\/li>\n<li>C\u0153urs de deuil<\/li>\n<li>Gerbes de deuil \/ dessus de cercueil<\/li>\n<li>Couronnes pour urnes fun\u00e9raires<\/li>\n<li>D\u00e9corations d\u2019urnes<\/li>\n<li>Confections florales pour l\u2019\u00e9glise\u2026<\/li>\n<\/ul>\n<p>Demandez-nous conseil.<\/p>\n<\/div><\/div><div class=\"w-btn-wrapper align_none\"><a class=\"w-btn us-btn-style_2 us_custom_a8ad455f\" title=\"Contact\" href=\"https:\/\/blumenetc.ch\/fr\/contact\/\"><span class=\"w-btn-label\">Contact<\/span><\/a><\/div><\/div><\/div><\/div><div class=\"vc_col-sm-8 wpb_column vc_column_container\"><div class=\"vc_column-inner us_custom_57f5615c\"><div class=\"wpb_wrapper\"><div class=\"sb-bg-slider-params sb-slider-data-source-shortcode sb-slider-bg-type-cover\" data-source=\"shortcode\" data-slider_attachments=\"https:\/\/blumenetc.ch\/wp-content\/uploads\/2018\/08\/blumen-etc-slider_0008_abschied-trauerfloristik.jpg|https:\/\/blumenetc.ch\/wp-content\/uploads\/2018\/08\/blumen-etc-slider_0006_abschied-trauerfloristik.jpg|https:\/\/blumenetc.ch\/wp-content\/uploads\/2018\/08\/blumen-etc-slider_0010_abschied-trauerfloristik.jpg|https:\/\/blumenetc.ch\/wp-content\/uploads\/2018\/08\/blumen-etc-slider_0007_abschied-trauerfloristik.jpg|https:\/\/blumenetc.ch\/wp-content\/uploads\/2018\/08\/blumen-etc-slider_0009_abschied-trauerfloristik.jpg|https:\/\/blumenetc.ch\/wp-content\/uploads\/2018\/08\/blumen-etc-slider_0011_abschied-trauerfloristik.jpg\" data-animation_speed=\"750\" data-slide_duration=\"3000\" data-centered_x=\"yes\" data-centered_y=\"yes\" style=\"height:750px;\"><div class=\"sbvcgmap-vertical-center\"><\/div><\/div><\/div><\/div><\/div><\/div><\/div><\/section>\n","protected":false},"excerpt":{"rendered":"Deuil et obs\u00e8ques Des fleurs pour prendre cong\u00e9 et r\u00e9conforter Accompagner les d\u00e9funts jusqu\u2019\u00e0 leur derni\u00e8re demeure avec des fleurs est une tradition mill\u00e9naire. Dans la Gr\u00e8ce antique d\u00e9j\u00e0, la couronne symbolisait l\u2019\u00e9ternit\u00e9. Nous vous conseillons volontiers sur les mani\u00e8res possibles d\u2019exprimer votre sympathie aux endeuill\u00e9s. Les fleurs r\u00e9chauffent le c\u0153ur. Couronnes fun\u00e9raires C\u0153urs de...","protected":false},"author":1,"featured_media":0,"parent":534,"menu_order":0,"comment_status":"closed","ping_status":"closed","template":"","meta":{"footnotes":""},"class_list":["post-536","page","type-page","status-publish","hentry"],"yoast_head":"<!-- This site is optimized with the Yoast SEO plugin v27.4 - https:\/\/yoast.com\/product\/yoast-seo-wordpress\/ -->\n<title>Deuil et obs\u00e8ques - Blumen etc<\/title>\n<meta name=\"description\" content=\"Les fleurs rechauffent les fleurs. Couronnes, arrangemets, Coeurs en fleurs, selon vos souhaits.\" \/>\n<meta name=\"robots\" content=\"index, follow, max-snippet:-1, max-image-preview:large, max-video-preview:-1\" \/>\n<link rel=\"canonical\" href=\"https:\/\/blumenetc.ch\/fr\/blumen-etc\/deuil-et-obseques\/\" \/>\n<meta property=\"og:locale\" content=\"fr_FR\" \/>\n<meta property=\"og:type\" content=\"article\" \/>\n<meta property=\"og:title\" content=\"Deuil et obs\u00e8ques - Blumen etc\" \/>\n<meta property=\"og:description\" content=\"Les fleurs rechauffent les fleurs. Couronnes, arrangemets, Coeurs en fleurs, selon vos souhaits.\" \/>\n<meta property=\"og:url\" content=\"https:\/\/blumenetc.ch\/fr\/blumen-etc\/deuil-et-obseques\/\" \/>\n<meta property=\"og:site_name\" content=\"Blumen etc\" \/>\n<meta property=\"article:publisher\" content=\"https:\/\/www.facebook.com\/blumenetc\" \/>\n<meta property=\"article:modified_time\" content=\"2022-11-13T08:26:13+00:00\" \/>\n<meta name=\"twitter:card\" content=\"summary_large_image\" \/>\n<meta name=\"twitter:label1\" content=\"Dur\u00e9e de lecture estim\u00e9e\" \/>\n\t<meta name=\"twitter:data1\" content=\"1 minute\" \/>\n<script type=\"application\/ld+json\" class=\"yoast-schema-graph\">{\"@context\":\"https:\\\/\\\/schema.org\",\"@graph\":[{\"@type\":\"WebPage\",\"@id\":\"https:\\\/\\\/blumenetc.ch\\\/fr\\\/blumen-etc\\\/deuil-et-obseques\\\/\",\"url\":\"https:\\\/\\\/blumenetc.ch\\\/fr\\\/blumen-etc\\\/deuil-et-obseques\\\/\",\"name\":\"Deuil et obs\u00e8ques - Blumen etc\",\"isPartOf\":{\"@id\":\"https:\\\/\\\/blumenetc.ch\\\/#website\"},\"datePublished\":\"2018-06-14T14:52:17+00:00\",\"dateModified\":\"2022-11-13T08:26:13+00:00\",\"description\":\"Les fleurs rechauffent les fleurs. Couronnes, arrangemets, Coeurs en fleurs, selon vos souhaits.\",\"breadcrumb\":{\"@id\":\"https:\\\/\\\/blumenetc.ch\\\/fr\\\/blumen-etc\\\/deuil-et-obseques\\\/#breadcrumb\"},\"inLanguage\":\"fr-FR\",\"potentialAction\":[{\"@type\":\"ReadAction\",\"target\":[\"https:\\\/\\\/blumenetc.ch\\\/fr\\\/blumen-etc\\\/deuil-et-obseques\\\/\"]}]},{\"@type\":\"BreadcrumbList\",\"@id\":\"https:\\\/\\\/blumenetc.ch\\\/fr\\\/blumen-etc\\\/deuil-et-obseques\\\/#breadcrumb\",\"itemListElement\":[{\"@type\":\"ListItem\",\"position\":1,\"name\":\"Startseite\",\"item\":\"https:\\\/\\\/blumenetc.ch\\\/fr\\\/\"},{\"@type\":\"ListItem\",\"position\":2,\"name\":\"Blumen etc\",\"item\":\"https:\\\/\\\/blumenetc.ch\\\/fr\\\/blumen-etc\\\/\"},{\"@type\":\"ListItem\",\"position\":3,\"name\":\"Deuil et obs\u00e8ques\"}]},{\"@type\":\"WebSite\",\"@id\":\"https:\\\/\\\/blumenetc.ch\\\/#website\",\"url\":\"https:\\\/\\\/blumenetc.ch\\\/\",\"name\":\"Blumen etc\",\"description\":\"\",\"publisher\":{\"@id\":\"https:\\\/\\\/blumenetc.ch\\\/#organization\"},\"potentialAction\":[{\"@type\":\"SearchAction\",\"target\":{\"@type\":\"EntryPoint\",\"urlTemplate\":\"https:\\\/\\\/blumenetc.ch\\\/?s={search_term_string}\"},\"query-input\":{\"@type\":\"PropertyValueSpecification\",\"valueRequired\":true,\"valueName\":\"search_term_string\"}}],\"inLanguage\":\"fr-FR\"},{\"@type\":\"Organization\",\"@id\":\"https:\\\/\\\/blumenetc.ch\\\/#organization\",\"name\":\"Blumen etc...\",\"url\":\"https:\\\/\\\/blumenetc.ch\\\/\",\"logo\":{\"@type\":\"ImageObject\",\"inLanguage\":\"fr-FR\",\"@id\":\"https:\\\/\\\/blumenetc.ch\\\/#\\\/schema\\\/logo\\\/image\\\/\",\"url\":\"https:\\\/\\\/blumenetc.ch\\\/wp-content\\\/uploads\\\/2018\\\/08\\\/blumenetc-favicon02.jpg\",\"contentUrl\":\"https:\\\/\\\/blumenetc.ch\\\/wp-content\\\/uploads\\\/2018\\\/08\\\/blumenetc-favicon02.jpg\",\"width\":512,\"height\":512,\"caption\":\"Blumen etc...\"},\"image\":{\"@id\":\"https:\\\/\\\/blumenetc.ch\\\/#\\\/schema\\\/logo\\\/image\\\/\"},\"sameAs\":[\"https:\\\/\\\/www.facebook.com\\\/blumenetc\",\"https:\\\/\\\/www.instagram.com\\\/blumen_etc\"]}]}<\/script>\n<!-- \/ Yoast SEO plugin. -->","yoast_head_json":{"title":"Deuil et obs\u00e8ques - Blumen etc","description":"Les fleurs rechauffent les fleurs. Couronnes, arrangemets, Coeurs en fleurs, selon vos souhaits.","robots":{"index":"index","follow":"follow","max-snippet":"max-snippet:-1","max-image-preview":"max-image-preview:large","max-video-preview":"max-video-preview:-1"},"canonical":"https:\/\/blumenetc.ch\/fr\/blumen-etc\/deuil-et-obseques\/","og_locale":"fr_FR","og_type":"article","og_title":"Deuil et obs\u00e8ques - Blumen etc","og_description":"Les fleurs rechauffent les fleurs. Couronnes, arrangemets, Coeurs en fleurs, selon vos souhaits.","og_url":"https:\/\/blumenetc.ch\/fr\/blumen-etc\/deuil-et-obseques\/","og_site_name":"Blumen etc","article_publisher":"https:\/\/www.facebook.com\/blumenetc","article_modified_time":"2022-11-13T08:26:13+00:00","twitter_card":"summary_large_image","twitter_misc":{"Dur\u00e9e de lecture estim\u00e9e":"1 minute"},"schema":{"@context":"https:\/\/schema.org","@graph":[{"@type":"WebPage","@id":"https:\/\/blumenetc.ch\/fr\/blumen-etc\/deuil-et-obseques\/","url":"https:\/\/blumenetc.ch\/fr\/blumen-etc\/deuil-et-obseques\/","name":"Deuil et obs\u00e8ques - Blumen etc","isPartOf":{"@id":"https:\/\/blumenetc.ch\/#website"},"datePublished":"2018-06-14T14:52:17+00:00","dateModified":"2022-11-13T08:26:13+00:00","description":"Les fleurs rechauffent les fleurs. Couronnes, arrangemets, Coeurs en fleurs, selon vos souhaits.","breadcrumb":{"@id":"https:\/\/blumenetc.ch\/fr\/blumen-etc\/deuil-et-obseques\/#breadcrumb"},"inLanguage":"fr-FR","potentialAction":[{"@type":"ReadAction","target":["https:\/\/blumenetc.ch\/fr\/blumen-etc\/deuil-et-obseques\/"]}]},{"@type":"BreadcrumbList","@id":"https:\/\/blumenetc.ch\/fr\/blumen-etc\/deuil-et-obseques\/#breadcrumb","itemListElement":[{"@type":"ListItem","position":1,"name":"Startseite","item":"https:\/\/blumenetc.ch\/fr\/"},{"@type":"ListItem","position":2,"name":"Blumen etc","item":"https:\/\/blumenetc.ch\/fr\/blumen-etc\/"},{"@type":"ListItem","position":3,"name":"Deuil et obs\u00e8ques"}]},{"@type":"WebSite","@id":"https:\/\/blumenetc.ch\/#website","url":"https:\/\/blumenetc.ch\/","name":"Blumen etc","description":"","publisher":{"@id":"https:\/\/blumenetc.ch\/#organization"},"potentialAction":[{"@type":"SearchAction","target":{"@type":"EntryPoint","urlTemplate":"https:\/\/blumenetc.ch\/?s={search_term_string}"},"query-input":{"@type":"PropertyValueSpecification","valueRequired":true,"valueName":"search_term_string"}}],"inLanguage":"fr-FR"},{"@type":"Organization","@id":"https:\/\/blumenetc.ch\/#organization","name":"Blumen etc...","url":"https:\/\/blumenetc.ch\/","logo":{"@type":"ImageObject","inLanguage":"fr-FR","@id":"https:\/\/blumenetc.ch\/#\/schema\/logo\/image\/","url":"https:\/\/blumenetc.ch\/wp-content\/uploads\/2018\/08\/blumenetc-favicon02.jpg","contentUrl":"https:\/\/blumenetc.ch\/wp-content\/uploads\/2018\/08\/blumenetc-favicon02.jpg","width":512,"height":512,"caption":"Blumen etc..."},"image":{"@id":"https:\/\/blumenetc.ch\/#\/schema\/logo\/image\/"},"sameAs":["https:\/\/www.facebook.com\/blumenetc","https:\/\/www.instagram.com\/blumen_etc"]}]}},"_links":{"self":[{"href":"https:\/\/blumenetc.ch\/fr\/wp-json\/wp\/v2\/pages\/536","targetHints":{"allow":["GET"]}}],"collection":[{"href":"https:\/\/blumenetc.ch\/fr\/wp-json\/wp\/v2\/pages"}],"about":[{"href":"https:\/\/blumenetc.ch\/fr\/wp-json\/wp\/v2\/types\/page"}],"author":[{"embeddable":true,"href":"https:\/\/blumenetc.ch\/fr\/wp-json\/wp\/v2\/users\/1"}],"replies":[{"embeddable":true,"href":"https:\/\/blumenetc.ch\/fr\/wp-json\/wp\/v2\/comments?post=536"}],"version-history":[{"count":6,"href":"https:\/\/blumenetc.ch\/fr\/wp-json\/wp\/v2\/pages\/536\/revisions"}],"predecessor-version":[{"id":1213,"href":"https:\/\/blumenetc.ch\/fr\/wp-json\/wp\/v2\/pages\/536\/revisions\/1213"}],"up":[{"embeddable":true,"href":"https:\/\/blumenetc.ch\/fr\/wp-json\/wp\/v2\/pages\/534"}],"wp:attachment":[{"href":"https:\/\/blumenetc.ch\/fr\/wp-json\/wp\/v2\/media?parent=536"}],"curies":[{"name":"wp","href":"https:\/\/api.w.org\/{rel}","templated":true}]}}