{"id":534,"date":"2018-04-16T09:35:12","date_gmt":"2018-04-16T07:35:12","guid":{"rendered":"http:\/\/blumenetc.ch\/blumen\/"},"modified":"2022-11-13T09:23:56","modified_gmt":"2022-11-13T08:23:56","slug":"blumen-etc","status":"publish","type":"page","link":"https:\/\/blumenetc.ch\/fr\/blumen-etc\/","title":{"rendered":"Blumen etc"},"content":{"rendered":"<section class=\"l-section wpb_row height_auto width_full\"><div class=\"l-section-h i-cf\"><div class=\"g-cols vc_row via_flex valign_top type_default stacking_default\"><div class=\"vc_col-sm-3 wpb_column vc_column_container\"><div class=\"vc_column-inner\"><div class=\"wpb_wrapper\"><\/div><\/div><\/div><div class=\"vc_col-sm-6 wpb_column vc_column_container\"><div class=\"vc_column-inner\"><div class=\"wpb_wrapper\"><div class=\"ult-spacer spacer-69e658e64ed6f\" data-id=\"69e658e64ed6f\" data-height=\"600\" data-height-mobile=\"200\" data-height-tab=\"400\" data-height-tab-portrait=\"400\" data-height-mobile-landscape=\"200\" style=\"clear:both;display:block;\"><\/div><div class=\"wpb_text_column us_custom_65bb48c7\"><div class=\"wpb_wrapper\"><h1 style=\"text-align: center;\">Blumen etc&#8230;<\/h1>\n<h3 style=\"text-align: center;\">Vous trouverez chez nous les fleurs qui conviennent en toute occasion.<\/h3>\n<\/div><\/div><div class=\"ult-spacer spacer-69e658e64f788\" data-id=\"69e658e64f788\" data-height=\"100\" data-height-mobile=\"0\" data-height-tab=\"50\" data-height-tab-portrait=\"50\" data-height-mobile-landscape=\"0\" style=\"clear:both;display:block;\"><\/div><\/div><\/div><\/div><div class=\"vc_col-sm-3 wpb_column vc_column_container\"><div class=\"vc_column-inner\"><div class=\"wpb_wrapper\"><\/div><\/div><\/div><\/div><\/div><\/section><!-- Row Backgrounds --><div class=\"upb_bg_img\" data-ultimate-bg=\"url(https:\/\/blumenetc.ch\/wp-content\/uploads\/2021\/09\/IMG_2331-scaled.jpg)\" data-image-id=\"id^1208|url^https:\/\/blumenetc.ch\/wp-content\/uploads\/2021\/09\/IMG_2331-scaled.jpg|caption^null|alt^null|title^IMG_2331|description^null\" data-ultimate-bg-style=\"vcpb-default\" data-bg-img-repeat=\"repeat\" data-bg-img-size=\"cover\" data-bg-img-position=\"\" data-parallx_sense=\"30\" data-bg-override=\"0\" data-bg_img_attach=\"scroll\" data-upb-overlay-color=\"\" data-upb-bg-animation=\"\" data-fadeout=\"\" data-bg-animation=\"left-animation\" data-bg-animation-type=\"h\" data-animation-repeat=\"repeat\" data-fadeout-percentage=\"30\" data-parallax-content=\"\" data-parallax-content-sense=\"30\" data-row-effect-mobile-disable=\"true\" data-img-parallax-mobile-disable=\"true\" data-rtl=\"false\"  data-custom-vc-row=\"\"  data-vc=\"8.7.2\"  data-is_old_vc=\"\"  data-theme-support=\"\"   data-overlay=\"false\" data-overlay-color=\"\" data-overlay-pattern=\"\" data-overlay-pattern-opacity=\"\" data-overlay-pattern-size=\"\"    ><\/div><section class=\"l-section wpb_row us_custom_6618e26b height_medium width_full\"><div class=\"l-section-h i-cf\"><div class=\"g-cols vc_row via_flex valign_top type_default stacking_default\"><div class=\"vc_col-sm-4 wpb_column vc_column_container\"><div class=\"vc_column-inner\"><div class=\"wpb_wrapper\"><div class=\"w-image align_center\"><a title=\"Fleurs et accessoires\" href=\"https:\/\/blumenetc.ch\/fr\/blumen-etc\/fleurs-et-accessoires\/\" aria-label=\"IMG_2498\" class=\"w-image-h\"><img decoding=\"async\" width=\"2560\" height=\"1440\" src=\"https:\/\/blumenetc.ch\/wp-content\/uploads\/2021\/02\/IMG_2498-scaled.jpg\" class=\"attachment-full size-full\" alt=\"\" loading=\"lazy\" srcset=\"https:\/\/blumenetc.ch\/wp-content\/uploads\/2021\/02\/IMG_2498-scaled.jpg 2560w, https:\/\/blumenetc.ch\/wp-content\/uploads\/2021\/02\/IMG_2498-300x169.jpg 300w, https:\/\/blumenetc.ch\/wp-content\/uploads\/2021\/02\/IMG_2498-1024x576.jpg 1024w, https:\/\/blumenetc.ch\/wp-content\/uploads\/2021\/02\/IMG_2498-768x432.jpg 768w\" sizes=\"auto, (max-width: 2560px) 100vw, 2560px\" \/><\/a><\/div><div class=\"w-btn-wrapper align_justify\"><a class=\"w-btn us-btn-style_3 us_custom_f77c4fa6\" title=\"Fleurs et accessoires\" href=\"https:\/\/blumenetc.ch\/fr\/blumen-etc\/fleurs-et-accessoires\/\"><span class=\"w-btn-label\">Fleurs et accessoires<\/span><\/a><\/div><\/div><\/div><\/div><div class=\"vc_col-sm-4 wpb_column vc_column_container\"><div class=\"vc_column-inner\"><div class=\"wpb_wrapper\"><div class=\"w-image align_center\"><a title=\"Fleurs de mariage\" href=\"https:\/\/blumenetc.ch\/fr\/blumen-etc\/fleurs-de-mariage\/\" aria-label=\"blumen-etc-header_0003_hochzeit\" class=\"w-image-h\"><img decoding=\"async\" width=\"1920\" height=\"1080\" src=\"https:\/\/blumenetc.ch\/wp-content\/uploads\/2018\/08\/blumen-etc-header_0003_hochzeit.jpg\" class=\"attachment-full size-full\" alt=\"\" loading=\"lazy\" srcset=\"https:\/\/blumenetc.ch\/wp-content\/uploads\/2018\/08\/blumen-etc-header_0003_hochzeit.jpg 1920w, https:\/\/blumenetc.ch\/wp-content\/uploads\/2018\/08\/blumen-etc-header_0003_hochzeit-300x169.jpg 300w, https:\/\/blumenetc.ch\/wp-content\/uploads\/2018\/08\/blumen-etc-header_0003_hochzeit-1024x576.jpg 1024w, https:\/\/blumenetc.ch\/wp-content\/uploads\/2018\/08\/blumen-etc-header_0003_hochzeit-768x432.jpg 768w\" sizes=\"auto, (max-width: 1920px) 100vw, 1920px\" \/><\/a><\/div><div class=\"w-btn-wrapper align_justify\"><a class=\"w-btn us-btn-style_3 us_custom_f77c4fa6\" title=\"Fleurs de mariage\" href=\"https:\/\/blumenetc.ch\/fr\/blumen-etc\/fleurs-de-mariage\/\"><span class=\"w-btn-label\">Fleurs de mariage<\/span><\/a><\/div><\/div><\/div><\/div><div class=\"vc_col-sm-4 wpb_column vc_column_container\"><div class=\"vc_column-inner\"><div class=\"wpb_wrapper\"><div class=\"w-image align_center\"><a title=\"Deuil et obs\u00e8ques\" href=\"https:\/\/blumenetc.ch\/fr\/blumen-etc\/deuil-et-obseques\/\" aria-label=\"IMG_1666\" class=\"w-image-h\"><img decoding=\"async\" width=\"2560\" height=\"1440\" src=\"https:\/\/blumenetc.ch\/wp-content\/uploads\/2020\/11\/IMG_1666-scaled.jpg\" class=\"attachment-full size-full\" alt=\"\" loading=\"lazy\" srcset=\"https:\/\/blumenetc.ch\/wp-content\/uploads\/2020\/11\/IMG_1666-scaled.jpg 2560w, https:\/\/blumenetc.ch\/wp-content\/uploads\/2020\/11\/IMG_1666-300x169.jpg 300w, https:\/\/blumenetc.ch\/wp-content\/uploads\/2020\/11\/IMG_1666-1024x576.jpg 1024w, https:\/\/blumenetc.ch\/wp-content\/uploads\/2020\/11\/IMG_1666-768x432.jpg 768w\" sizes=\"auto, (max-width: 2560px) 100vw, 2560px\" \/><\/a><\/div><div class=\"w-btn-wrapper align_justify\"><a class=\"w-btn us-btn-style_3 us_custom_f77c4fa6\" title=\"Deuil et obs\u00e8ques\" href=\"https:\/\/blumenetc.ch\/fr\/blumen-etc\/deuil-et-obseques\/\"><span class=\"w-btn-label\">Deuil et obs\u00e8ques<\/span><\/a><\/div><\/div><\/div><\/div><\/div><\/div><\/section><section class=\"l-section wpb_row us_custom_6618e26b height_medium width_full\"><div class=\"l-section-h i-cf\"><div class=\"g-cols vc_row via_flex valign_top type_default stacking_default\"><div class=\"vc_col-sm-3 wpb_column vc_column_container\"><div class=\"vc_column-inner\"><div class=\"wpb_wrapper\"><div class=\"w-image align_center\"><a title=\"Mandats permanents, abonnements floraux\" href=\"https:\/\/blumenetc.ch\/fr\/blumen-etc\/mandats-permanents-abonnements-floraux\/\" aria-label=\"blumen-etc-slider_0035_dauerauftraege-abonnements\" class=\"w-image-h\"><img decoding=\"async\" width=\"1200\" height=\"800\" src=\"https:\/\/blumenetc.ch\/wp-content\/uploads\/2018\/08\/blumen-etc-slider_0035_dauerauftraege-abonnements.jpg\" class=\"attachment-full size-full\" alt=\"\" loading=\"lazy\" srcset=\"https:\/\/blumenetc.ch\/wp-content\/uploads\/2018\/08\/blumen-etc-slider_0035_dauerauftraege-abonnements.jpg 1200w, https:\/\/blumenetc.ch\/wp-content\/uploads\/2018\/08\/blumen-etc-slider_0035_dauerauftraege-abonnements-300x200.jpg 300w, https:\/\/blumenetc.ch\/wp-content\/uploads\/2018\/08\/blumen-etc-slider_0035_dauerauftraege-abonnements-1024x683.jpg 1024w, https:\/\/blumenetc.ch\/wp-content\/uploads\/2018\/08\/blumen-etc-slider_0035_dauerauftraege-abonnements-768x512.jpg 768w\" sizes=\"auto, (max-width: 1200px) 100vw, 1200px\" \/><\/a><\/div><div class=\"w-btn-wrapper align_justify\"><a class=\"w-btn us-btn-style_3\" title=\"Mandats permanents, abonnements floraux\" href=\"https:\/\/blumenetc.ch\/fr\/blumen-etc\/mandats-permanents-abonnements-floraux\/\"><span class=\"w-btn-label\">Mandats permanents, abonnements floraux<\/span><\/a><\/div><\/div><\/div><\/div><div class=\"vc_col-sm-3 wpb_column vc_column_container\"><div class=\"vc_column-inner\"><div class=\"wpb_wrapper\"><div class=\"w-image align_center\"><a title=\"No\u00ebl\" href=\"https:\/\/blumenetc.ch\/fr\/blumen-etc\/noel\/\" aria-label=\"blumen-etc-slider_0005_weihnachten\" class=\"w-image-h\"><img decoding=\"async\" width=\"1200\" height=\"800\" src=\"https:\/\/blumenetc.ch\/wp-content\/uploads\/2018\/08\/blumen-etc-slider_0005_weihnachten.jpg\" class=\"attachment-full size-full\" alt=\"\" loading=\"lazy\" srcset=\"https:\/\/blumenetc.ch\/wp-content\/uploads\/2018\/08\/blumen-etc-slider_0005_weihnachten.jpg 1200w, https:\/\/blumenetc.ch\/wp-content\/uploads\/2018\/08\/blumen-etc-slider_0005_weihnachten-300x200.jpg 300w, https:\/\/blumenetc.ch\/wp-content\/uploads\/2018\/08\/blumen-etc-slider_0005_weihnachten-1024x683.jpg 1024w, https:\/\/blumenetc.ch\/wp-content\/uploads\/2018\/08\/blumen-etc-slider_0005_weihnachten-768x512.jpg 768w\" sizes=\"auto, (max-width: 1200px) 100vw, 1200px\" \/><\/a><\/div><div class=\"w-btn-wrapper align_justify\"><a class=\"w-btn us-btn-style_3\" title=\"Deuil et obs\u00e8ques\" href=\"https:\/\/blumenetc.ch\/fr\/blumen-etc\/noel\/\"><span class=\"w-btn-label\">No\u00ebl<\/span><\/a><\/div><\/div><\/div><\/div><div class=\"vc_col-sm-3 wpb_column vc_column_container\"><div class=\"vc_column-inner\"><div class=\"wpb_wrapper\"><div class=\"w-image align_center\"><a title=\"P\u00e2ques\" href=\"https:\/\/blumenetc.ch\/fr\/blumen-etc\/paques\/\" aria-label=\"IMG_1870\" class=\"w-image-h\"><img decoding=\"async\" width=\"2560\" height=\"1912\" src=\"https:\/\/blumenetc.ch\/wp-content\/uploads\/2020\/11\/IMG_1870-scaled.jpg\" class=\"attachment-full size-full\" alt=\"\" loading=\"lazy\" srcset=\"https:\/\/blumenetc.ch\/wp-content\/uploads\/2020\/11\/IMG_1870-scaled.jpg 2560w, https:\/\/blumenetc.ch\/wp-content\/uploads\/2020\/11\/IMG_1870-300x224.jpg 300w, https:\/\/blumenetc.ch\/wp-content\/uploads\/2020\/11\/IMG_1870-1024x765.jpg 1024w, https:\/\/blumenetc.ch\/wp-content\/uploads\/2020\/11\/IMG_1870-768x574.jpg 768w\" sizes=\"auto, (max-width: 2560px) 100vw, 2560px\" \/><\/a><\/div><div class=\"w-btn-wrapper align_justify\"><a class=\"w-btn us-btn-style_3\" title=\"P\u00e2ques\" href=\"https:\/\/blumenetc.ch\/fr\/blumen-etc\/paques\/\"><span class=\"w-btn-label\">P\u00e2ques<\/span><\/a><\/div><\/div><\/div><\/div><div class=\"vc_col-sm-3 wpb_column vc_column_container\"><div class=\"vc_column-inner\"><div class=\"wpb_wrapper\"><div class=\"w-image align_center\"><a title=\"Ev\u00e9nements professionnels et culturels\" href=\"https:\/\/blumenetc.ch\/fr\/evenements-professionnels-et-culturels\/\" aria-label=\"blumen-etc-slider_0031_dekorationen\" class=\"w-image-h\"><img decoding=\"async\" width=\"1200\" height=\"800\" src=\"https:\/\/blumenetc.ch\/wp-content\/uploads\/2018\/08\/blumen-etc-slider_0031_dekorationen.jpg\" class=\"attachment-full size-full\" alt=\"\" loading=\"lazy\" srcset=\"https:\/\/blumenetc.ch\/wp-content\/uploads\/2018\/08\/blumen-etc-slider_0031_dekorationen.jpg 1200w, https:\/\/blumenetc.ch\/wp-content\/uploads\/2018\/08\/blumen-etc-slider_0031_dekorationen-300x200.jpg 300w, https:\/\/blumenetc.ch\/wp-content\/uploads\/2018\/08\/blumen-etc-slider_0031_dekorationen-1024x683.jpg 1024w, https:\/\/blumenetc.ch\/wp-content\/uploads\/2018\/08\/blumen-etc-slider_0031_dekorationen-768x512.jpg 768w\" sizes=\"auto, (max-width: 1200px) 100vw, 1200px\" \/><\/a><\/div><div class=\"w-btn-wrapper align_justify\"><a class=\"w-btn us-btn-style_3\" title=\"Ev\u00e9nements professionnels et culturels\" href=\"https:\/\/blumenetc.ch\/fr\/evenements-professionnels-et-culturels\/\"><span class=\"w-btn-label\">Ev\u00e9nements professionnels et culturels<\/span><\/a><\/div><\/div><\/div><\/div><\/div><\/div><\/section>\n","protected":false},"excerpt":{"rendered":"Blumen etc&#8230; Vous trouverez chez nous les fleurs qui conviennent en toute occasion. Fleurs et accessoiresFleurs de mariageDeuil et obs\u00e8quesMandats permanents, abonnements florauxNo\u00eblP\u00e2quesEv\u00e9nements professionnels et culturels","protected":false},"author":1,"featured_media":0,"parent":0,"menu_order":0,"comment_status":"closed","ping_status":"closed","template":"","meta":{"footnotes":""},"class_list":["post-534","page","type-page","status-publish","hentry"],"yoast_head":"<!-- This site is optimized with the Yoast SEO plugin v27.4 - https:\/\/yoast.com\/product\/yoast-seo-wordpress\/ -->\n<title>Blumen etc... Bienne- le magasin de fleurs pour les cr\u00e9atives<\/title>\n<meta name=\"description\" content=\"Chez nous, vous trouverez des fleurs pour toutes les occasions. No\u00ebl, P\u00e2ques et pour toutes les autres saisons.\" \/>\n<meta name=\"robots\" content=\"index, follow, max-snippet:-1, max-image-preview:large, max-video-preview:-1\" \/>\n<link rel=\"canonical\" href=\"https:\/\/blumenetc.ch\/fr\/blumen-etc\/\" \/>\n<meta property=\"og:locale\" content=\"fr_FR\" \/>\n<meta property=\"og:type\" content=\"article\" \/>\n<meta property=\"og:title\" content=\"Blumen etc... Bienne- le magasin de fleurs pour les cr\u00e9atives\" \/>\n<meta property=\"og:description\" content=\"Chez nous, vous trouverez des fleurs pour toutes les occasions. No\u00ebl, P\u00e2ques et pour toutes les autres saisons.\" \/>\n<meta property=\"og:url\" content=\"https:\/\/blumenetc.ch\/fr\/blumen-etc\/\" \/>\n<meta property=\"og:site_name\" content=\"Blumen etc\" \/>\n<meta property=\"article:publisher\" content=\"https:\/\/www.facebook.com\/blumenetc\" \/>\n<meta property=\"article:modified_time\" content=\"2022-11-13T08:23:56+00:00\" \/>\n<meta name=\"twitter:card\" content=\"summary_large_image\" \/>\n<meta name=\"twitter:label1\" content=\"Dur\u00e9e de lecture estim\u00e9e\" \/>\n\t<meta name=\"twitter:data1\" content=\"1 minute\" \/>\n<script type=\"application\/ld+json\" class=\"yoast-schema-graph\">{\"@context\":\"https:\\\/\\\/schema.org\",\"@graph\":[{\"@type\":\"WebPage\",\"@id\":\"https:\\\/\\\/blumenetc.ch\\\/fr\\\/blumen-etc\\\/\",\"url\":\"https:\\\/\\\/blumenetc.ch\\\/fr\\\/blumen-etc\\\/\",\"name\":\"Blumen etc... Bienne- le magasin de fleurs pour les cr\u00e9atives\",\"isPartOf\":{\"@id\":\"https:\\\/\\\/blumenetc.ch\\\/#website\"},\"datePublished\":\"2018-04-16T07:35:12+00:00\",\"dateModified\":\"2022-11-13T08:23:56+00:00\",\"description\":\"Chez nous, vous trouverez des fleurs pour toutes les occasions. No\u00ebl, P\u00e2ques et pour toutes les autres saisons.\",\"breadcrumb\":{\"@id\":\"https:\\\/\\\/blumenetc.ch\\\/fr\\\/blumen-etc\\\/#breadcrumb\"},\"inLanguage\":\"fr-FR\",\"potentialAction\":[{\"@type\":\"ReadAction\",\"target\":[\"https:\\\/\\\/blumenetc.ch\\\/fr\\\/blumen-etc\\\/\"]}]},{\"@type\":\"BreadcrumbList\",\"@id\":\"https:\\\/\\\/blumenetc.ch\\\/fr\\\/blumen-etc\\\/#breadcrumb\",\"itemListElement\":[{\"@type\":\"ListItem\",\"position\":1,\"name\":\"Startseite\",\"item\":\"https:\\\/\\\/blumenetc.ch\\\/fr\\\/\"},{\"@type\":\"ListItem\",\"position\":2,\"name\":\"Blumen etc\"}]},{\"@type\":\"WebSite\",\"@id\":\"https:\\\/\\\/blumenetc.ch\\\/#website\",\"url\":\"https:\\\/\\\/blumenetc.ch\\\/\",\"name\":\"Blumen etc\",\"description\":\"\",\"publisher\":{\"@id\":\"https:\\\/\\\/blumenetc.ch\\\/#organization\"},\"potentialAction\":[{\"@type\":\"SearchAction\",\"target\":{\"@type\":\"EntryPoint\",\"urlTemplate\":\"https:\\\/\\\/blumenetc.ch\\\/?s={search_term_string}\"},\"query-input\":{\"@type\":\"PropertyValueSpecification\",\"valueRequired\":true,\"valueName\":\"search_term_string\"}}],\"inLanguage\":\"fr-FR\"},{\"@type\":\"Organization\",\"@id\":\"https:\\\/\\\/blumenetc.ch\\\/#organization\",\"name\":\"Blumen etc...\",\"url\":\"https:\\\/\\\/blumenetc.ch\\\/\",\"logo\":{\"@type\":\"ImageObject\",\"inLanguage\":\"fr-FR\",\"@id\":\"https:\\\/\\\/blumenetc.ch\\\/#\\\/schema\\\/logo\\\/image\\\/\",\"url\":\"https:\\\/\\\/blumenetc.ch\\\/wp-content\\\/uploads\\\/2018\\\/08\\\/blumenetc-favicon02.jpg\",\"contentUrl\":\"https:\\\/\\\/blumenetc.ch\\\/wp-content\\\/uploads\\\/2018\\\/08\\\/blumenetc-favicon02.jpg\",\"width\":512,\"height\":512,\"caption\":\"Blumen etc...\"},\"image\":{\"@id\":\"https:\\\/\\\/blumenetc.ch\\\/#\\\/schema\\\/logo\\\/image\\\/\"},\"sameAs\":[\"https:\\\/\\\/www.facebook.com\\\/blumenetc\",\"https:\\\/\\\/www.instagram.com\\\/blumen_etc\"]}]}<\/script>\n<!-- \/ Yoast SEO plugin. -->","yoast_head_json":{"title":"Blumen etc... Bienne- le magasin de fleurs pour les cr\u00e9atives","description":"Chez nous, vous trouverez des fleurs pour toutes les occasions. No\u00ebl, P\u00e2ques et pour toutes les autres saisons.","robots":{"index":"index","follow":"follow","max-snippet":"max-snippet:-1","max-image-preview":"max-image-preview:large","max-video-preview":"max-video-preview:-1"},"canonical":"https:\/\/blumenetc.ch\/fr\/blumen-etc\/","og_locale":"fr_FR","og_type":"article","og_title":"Blumen etc... Bienne- le magasin de fleurs pour les cr\u00e9atives","og_description":"Chez nous, vous trouverez des fleurs pour toutes les occasions. No\u00ebl, P\u00e2ques et pour toutes les autres saisons.","og_url":"https:\/\/blumenetc.ch\/fr\/blumen-etc\/","og_site_name":"Blumen etc","article_publisher":"https:\/\/www.facebook.com\/blumenetc","article_modified_time":"2022-11-13T08:23:56+00:00","twitter_card":"summary_large_image","twitter_misc":{"Dur\u00e9e de lecture estim\u00e9e":"1 minute"},"schema":{"@context":"https:\/\/schema.org","@graph":[{"@type":"WebPage","@id":"https:\/\/blumenetc.ch\/fr\/blumen-etc\/","url":"https:\/\/blumenetc.ch\/fr\/blumen-etc\/","name":"Blumen etc... Bienne- le magasin de fleurs pour les cr\u00e9atives","isPartOf":{"@id":"https:\/\/blumenetc.ch\/#website"},"datePublished":"2018-04-16T07:35:12+00:00","dateModified":"2022-11-13T08:23:56+00:00","description":"Chez nous, vous trouverez des fleurs pour toutes les occasions. No\u00ebl, P\u00e2ques et pour toutes les autres saisons.","breadcrumb":{"@id":"https:\/\/blumenetc.ch\/fr\/blumen-etc\/#breadcrumb"},"inLanguage":"fr-FR","potentialAction":[{"@type":"ReadAction","target":["https:\/\/blumenetc.ch\/fr\/blumen-etc\/"]}]},{"@type":"BreadcrumbList","@id":"https:\/\/blumenetc.ch\/fr\/blumen-etc\/#breadcrumb","itemListElement":[{"@type":"ListItem","position":1,"name":"Startseite","item":"https:\/\/blumenetc.ch\/fr\/"},{"@type":"ListItem","position":2,"name":"Blumen etc"}]},{"@type":"WebSite","@id":"https:\/\/blumenetc.ch\/#website","url":"https:\/\/blumenetc.ch\/","name":"Blumen etc","description":"","publisher":{"@id":"https:\/\/blumenetc.ch\/#organization"},"potentialAction":[{"@type":"SearchAction","target":{"@type":"EntryPoint","urlTemplate":"https:\/\/blumenetc.ch\/?s={search_term_string}"},"query-input":{"@type":"PropertyValueSpecification","valueRequired":true,"valueName":"search_term_string"}}],"inLanguage":"fr-FR"},{"@type":"Organization","@id":"https:\/\/blumenetc.ch\/#organization","name":"Blumen etc...","url":"https:\/\/blumenetc.ch\/","logo":{"@type":"ImageObject","inLanguage":"fr-FR","@id":"https:\/\/blumenetc.ch\/#\/schema\/logo\/image\/","url":"https:\/\/blumenetc.ch\/wp-content\/uploads\/2018\/08\/blumenetc-favicon02.jpg","contentUrl":"https:\/\/blumenetc.ch\/wp-content\/uploads\/2018\/08\/blumenetc-favicon02.jpg","width":512,"height":512,"caption":"Blumen etc..."},"image":{"@id":"https:\/\/blumenetc.ch\/#\/schema\/logo\/image\/"},"sameAs":["https:\/\/www.facebook.com\/blumenetc","https:\/\/www.instagram.com\/blumen_etc"]}]}},"_links":{"self":[{"href":"https:\/\/blumenetc.ch\/fr\/wp-json\/wp\/v2\/pages\/534","targetHints":{"allow":["GET"]}}],"collection":[{"href":"https:\/\/blumenetc.ch\/fr\/wp-json\/wp\/v2\/pages"}],"about":[{"href":"https:\/\/blumenetc.ch\/fr\/wp-json\/wp\/v2\/types\/page"}],"author":[{"embeddable":true,"href":"https:\/\/blumenetc.ch\/fr\/wp-json\/wp\/v2\/users\/1"}],"replies":[{"embeddable":true,"href":"https:\/\/blumenetc.ch\/fr\/wp-json\/wp\/v2\/comments?post=534"}],"version-history":[{"count":14,"href":"https:\/\/blumenetc.ch\/fr\/wp-json\/wp\/v2\/pages\/534\/revisions"}],"predecessor-version":[{"id":1220,"href":"https:\/\/blumenetc.ch\/fr\/wp-json\/wp\/v2\/pages\/534\/revisions\/1220"}],"wp:attachment":[{"href":"https:\/\/blumenetc.ch\/fr\/wp-json\/wp\/v2\/media?parent=534"}],"curies":[{"name":"wp","href":"https:\/\/api.w.org\/{rel}","templated":true}]}}